{"id":104,"date":"2022-08-11T22:08:46","date_gmt":"2022-08-11T20:08:46","guid":{"rendered":"http:\/\/parrocchievallelaghi.it\/?page_id=104"},"modified":"2025-11-25T10:35:45","modified_gmt":"2025-11-25T09:35:45","slug":"battesimo","status":"publish","type":"page","link":"https:\/\/parrocchievallelaghi.it\/index.php\/battesimo\/","title":{"rendered":"Battesimo"},"content":{"rendered":"\n<figure class=\"wp-block-image size-full\"><img loading=\"lazy\" decoding=\"async\" width=\"730\" height=\"480\" src=\"http:\/\/parrocchievallelaghi.it\/wp-content\/uploads\/2022\/08\/battesimo.jpeg\" alt=\"\" class=\"wp-image-326\" srcset=\"https:\/\/parrocchievallelaghi.it\/wp-content\/uploads\/2022\/08\/battesimo.jpeg 730w, https:\/\/parrocchievallelaghi.it\/wp-content\/uploads\/2022\/08\/battesimo-300x197.jpeg 300w\" sizes=\"auto, (max-width: 730px) 100vw, 730px\" \/><figcaption class=\"wp-element-caption\">immagine tratta da &#8220;In a bottle.it&#8221;<\/figcaption><\/figure>\n\n\n\n<h4 class=\"has-text-align-center wp-block-heading\"><strong>Che cos&#8217;\u00e8 il Battesimo?<\/strong><\/h4>\n\n\n\n<p>Il Battesimo, primo tra i sacramenti, \u00e8 la porta di ingresso alla fede cristiana. Come ricordava papa Francesco l&#8217;11 aprile 2018: \u00abIl Battesimo \u00e8 perci\u00f2 segno efficace di rinascita, per camminare in novit\u00e0 di vita. Lo ricorda san Paolo ai cristiani di Roma: \u00abNon sapete che quanti siamo stati battezzati in Cristo Ges\u00f9, siamo stati battezzati nella sua morte?&nbsp;Per mezzo del battesimo dunque siamo stati sepolti insieme a lui nella morte affinch\u00e9, come Cristo fu risuscitato dai morti per mezzo della gloria del Padre, cos\u00ec anche noi possiamo camminare in una vita nuova\u00bb&nbsp;(<em>Rm<\/em>&nbsp;6,3-4)\u00bb. <\/p>\n\n\n\n<div class=\"wp-block-group alignwide is-layout-constrained wp-block-group-is-layout-constrained\">\n<p class=\"has-text-align-center has-medium-font-size\"><strong>CALENDARIO CELEBRAZIONI SACRAMENTO del BATTESIMO <\/strong><\/p>\n\n\n\n<p class=\"has-text-align-center has-medium-font-size\">DICEMBRE 2025 &#8211; LUGLIO 2026<\/p>\n\n\n\n<p><strong>I Battesimi si celebreranno ogni seco<em>n<\/em>do sabato del mese: <\/strong><\/p>\n<\/div>\n\n\n\n<ul class=\"wp-block-list\">\n<li><strong>06 dicembre ore 16.00 chiesa parrocchiale Regina della Pace a PADERGNONE<\/strong><\/li>\n\n\n\n<li><strong>10 gennaio ore 16.00 Chiesa parrocchiale S.S. Vigilio e Valentino a VEZZANO<\/strong><\/li>\n\n\n\n<li><strong>07 febbraio ore 16.00 Chiesa parrocchiale S. Lucia a PIETRAMURATA<\/strong><\/li>\n\n\n\n<li><strong>14 marzo ore 16.00 Chiesa parrocchiale S. Andrea a TERLAGO<\/strong><\/li>\n\n\n\n<li><strong>05 aprile ore 21.00 Nelle chiese dove si svolge la Veglia Pasquale<\/strong><\/li>\n\n\n\n<li><strong>11 aprile ore 17.00 Chiesa parrocchiale Regina della Pace a PADERGNONE<\/strong><\/li>\n\n\n\n<li><strong>09 maggio ore 17.00<\/strong> <strong>Chiesa parrocchiale S.S. Vigilio e Valentino a VEZZANO<\/strong><\/li>\n\n\n\n<li><strong>13 giugno ore 17.00 Chiesa parrocchiale S. Lucia a PIETRAMURATA<\/strong><\/li>\n\n\n\n<li><strong>11 luglio ore 17.00<\/strong> <strong>Chiesa parrocchiale S. Andrea a TERLAGO<\/strong><\/li>\n<\/ul>\n\n\n\n<p>I genitori che intendono chiedere il Sacramento del Battesimo per il\/la proprio\/a figlio\/a:<\/p>\n\n\n\n<ul class=\"wp-block-list\">\n<li><strong>in primo luogo&nbsp;prendano contatto col Parroco<\/strong>&nbsp;tramite la Segreteria parrocchiale, per fissare un colloquio preliminare di conoscenza e per concordare data e Parrocchia del Sacramento.<\/li>\n\n\n\n<li><strong>successivamente<\/strong>&nbsp;provvedano a <strong>compilare online il Modulo di raccolta dati per battesimo<\/strong>&nbsp;al link sottostante e a spedirlo col tasto Invio.<\/li>\n<\/ul>\n\n\n\n<div class=\"wp-block-buttons is-content-justification-center is-layout-flex wp-container-core-buttons-is-layout-a89b3969 wp-block-buttons-is-layout-flex\">\n<div class=\"wp-block-button has-custom-width wp-block-button__width-50 has-custom-font-size is-style-fill has-medium-font-size\"><a class=\"wp-block-button__link wp-element-button\" href=\"https:\/\/forms.gle\/GQhfMXcUVwYZZdo48\" style=\"border-radius:6px;padding-top:0.4rem;padding-right:0.4rem;padding-bottom:0.4rem;padding-left:0.4rem\" target=\"_blank\" rel=\"noreferrer noopener\"><strong>Compilazione modulo<\/strong><\/a><\/div>\n<\/div>\n\n\n\n<p><\/p>\n\n\n\n<p>Dopo l\u2019invio&nbsp;del modulo arriver\u00e0 una <strong>mail di conferma<\/strong>&nbsp;coi dati inseriti.<\/p>\n\n\n\n<p><strong>Chi non avesse la possibilit\u00e0 di compilare il modulo on line<\/strong>, pu\u00f2 contattare la Segretaria parrocchiale per&nbsp;ricevere la <strong>versione cartacea<\/strong><\/p>\n\n\n\n<p>Inviando il modulo on line,&nbsp;si autorizza la Parrocchia all\u2019utilizzo dei dati <strong>per i fini strettamente istituzionali<\/strong>.<\/p>\n\n\n\n<p>Per maggiori informazioni contatta la segreteria parrocchiale (vedi contatti nel sito parrocchiale).<\/p>\n\n\n\n<p class=\"has-background\" style=\"background:linear-gradient(135deg,rgb(255,245,203) 0%,rgb(182,227,212) 94%,rgb(51,167,181) 100%)\">N.B.: Si ricorda che, per motivi liturgici, durante la Quaresima <strong>non \u00e8 possibile celebrare il Sacramento del Battesimo.<\/strong><\/p>\n","protected":false},"excerpt":{"rendered":"<p>Che cos&#8217;\u00e8 il Battesimo? Il Battesimo, primo tra i sacramenti, \u00e8 la porta di ingresso alla fede cristiana. Come ricordava papa Francesco l&#8217;11 aprile 2018: \u00abIl Battesimo \u00e8 perci\u00f2 segno efficace di rinascita, per camminare in novit\u00e0 di vita. Lo ricorda san Paolo ai cristiani di Roma: \u00abNon sapete che quanti siamo stati battezzati in [&hellip;]<\/p>\n","protected":false},"author":1,"featured_media":0,"parent":0,"menu_order":0,"comment_status":"closed","ping_status":"closed","template":"","meta":{"zakra_page_container_layout":"customizer","zakra_page_sidebar_layout":"customizer","zakra_remove_content_margin":false,"zakra_sidebar":"customizer","zakra_transparent_header":"customizer","zakra_logo":0,"zakra_main_header_style":"default","zakra_menu_item_color":null,"zakra_menu_item_hover_color":null,"zakra_menu_item_active_color":"","zakra_menu_active_style":"","zakra_page_header":true,"_monsterinsights_skip_tracking":false,"_monsterinsights_sitenote_active":false,"_monsterinsights_sitenote_note":"","_monsterinsights_sitenote_category":0,"footnotes":""},"class_list":["post-104","page","type-page","status-publish","hentry"],"aioseo_notices":[],"_links":{"self":[{"href":"https:\/\/parrocchievallelaghi.it\/index.php\/wp-json\/wp\/v2\/pages\/104","targetHints":{"allow":["GET"]}}],"collection":[{"href":"https:\/\/parrocchievallelaghi.it\/index.php\/wp-json\/wp\/v2\/pages"}],"about":[{"href":"https:\/\/parrocchievallelaghi.it\/index.php\/wp-json\/wp\/v2\/types\/page"}],"author":[{"embeddable":true,"href":"https:\/\/parrocchievallelaghi.it\/index.php\/wp-json\/wp\/v2\/users\/1"}],"replies":[{"embeddable":true,"href":"https:\/\/parrocchievallelaghi.it\/index.php\/wp-json\/wp\/v2\/comments?post=104"}],"version-history":[{"count":36,"href":"https:\/\/parrocchievallelaghi.it\/index.php\/wp-json\/wp\/v2\/pages\/104\/revisions"}],"predecessor-version":[{"id":2190,"href":"https:\/\/parrocchievallelaghi.it\/index.php\/wp-json\/wp\/v2\/pages\/104\/revisions\/2190"}],"wp:attachment":[{"href":"https:\/\/parrocchievallelaghi.it\/index.php\/wp-json\/wp\/v2\/media?parent=104"}],"curies":[{"name":"wp","href":"https:\/\/api.w.org\/{rel}","templated":true}]}}