{"id":106,"date":"2022-08-11T22:08:59","date_gmt":"2022-08-11T20:08:59","guid":{"rendered":"http:\/\/parrocchievallelaghi.it\/?page_id=106"},"modified":"2023-12-05T15:10:19","modified_gmt":"2023-12-05T14:10:19","slug":"matrimonio","status":"publish","type":"page","link":"https:\/\/parrocchievallelaghi.it\/index.php\/matrimonio\/","title":{"rendered":"Matrimonio"},"content":{"rendered":"\n<div class=\"wp-block-group alignfull has-background is-layout-flow wp-block-group-is-layout-flow\" style=\"background-color:#f8f4e4\">\n<div class=\"wp-block-columns alignwide is-layout-flex wp-container-core-columns-is-layout-28f84493 wp-block-columns-is-layout-flex\">\n<div class=\"wp-block-column is-layout-flow wp-block-column-is-layout-flow\">\n<div style=\"height:100px\" aria-hidden=\"true\" class=\"wp-block-spacer\"><\/div>\n\n\n\n<p class=\"has-text-color\" style=\"color:#000000;font-size:5vw;line-height:1.1\"><strong>Il Sacramento del Matrimonio<\/strong><\/p>\n\n\n\n<div style=\"height:5px\" aria-hidden=\"true\" class=\"wp-block-spacer\"><\/div>\n<\/div>\n<\/div>\n\n\n\n<div class=\"wp-block-columns alignwide is-layout-flex wp-container-core-columns-is-layout-28f84493 wp-block-columns-is-layout-flex\">\n<div class=\"wp-block-column is-layout-flow wp-block-column-is-layout-flow\" style=\"flex-basis:33.38%\">\n<p class=\"has-text-color has-extra-small-font-size\" style=\"color:#000000\">Il fidanzamento, in altri termini, \u00e8 il tempo nel quale i due sono chiamati a fare un bel lavoro sull\u2019amore, un lavoro partecipe e condiviso, che va in profondit\u00e0. Ci si scopre man mano a vicenda cio\u00e8, l\u2019uomo \u201cimpara\u201d la donna imparando&nbsp;<em>questa<\/em>&nbsp;donna, la sua fidanzata; e la donna \u201cimpara\u201d l\u2019uomo imparando&nbsp;<em>questo<\/em>&nbsp;uomo, il suo fidanzato. Non sottovalutiamo l\u2019importanza di questo apprendimento: \u00e8 un impegno bello, e l\u2019amore stesso lo richiede, perch\u00e9 non \u00e8 soltanto una felicit\u00e0 spensierata, un\u2019emozione incantata&#8230;&nbsp;<\/p>\n\n\n\n<p>Catechesi 27 maggio 2015<\/p>\n<\/div>\n\n\n\n<div class=\"wp-block-column is-layout-flow wp-block-column-is-layout-flow\" style=\"flex-basis:33.62%\">\n<figure class=\"wp-block-image size-full\"><img loading=\"lazy\" decoding=\"async\" width=\"350\" height=\"500\" src=\"http:\/\/parrocchievallelaghi.it\/wp-content\/uploads\/2022\/08\/Papa-Francesco-1.jpeg\" alt=\"\" class=\"wp-image-168\" srcset=\"https:\/\/parrocchievallelaghi.it\/wp-content\/uploads\/2022\/08\/Papa-Francesco-1.jpeg 350w, https:\/\/parrocchievallelaghi.it\/wp-content\/uploads\/2022\/08\/Papa-Francesco-1-210x300.jpeg 210w, https:\/\/parrocchievallelaghi.it\/wp-content\/uploads\/2022\/08\/Papa-Francesco-1-300x429.jpeg 300w\" sizes=\"auto, (max-width: 350px) 100vw, 350px\" \/><figcaption class=\"wp-element-caption\">Papa Francesco<\/figcaption><\/figure>\n<\/div>\n<\/div>\n\n\n\n<div class=\"wp-block-columns alignwide is-layout-flex wp-container-core-columns-is-layout-28f84493 wp-block-columns-is-layout-flex\">\n<div class=\"wp-block-column is-layout-flow wp-block-column-is-layout-flow\" style=\"flex-basis:67%\">\n<div data-wp-interactive=\"core\/file\" class=\"wp-block-file\"><object data-wp-bind--hidden=\"!state.hasPdfPreview\" hidden class=\"wp-block-file__embed\" data=\"http:\/\/parrocchievallelaghi.it\/wp-content\/uploads\/2023\/12\/loc-corsi-matrimonio.pdf\" type=\"application\/pdf\" style=\"width:100%;height:600px\" aria-label=\"Incorporamento di loc-corsi-matrimonio.\"><\/object><a id=\"wp-block-file--media-8f13bcf1-e689-414e-8982-a08f4ad1cb85\" href=\"http:\/\/parrocchievallelaghi.it\/wp-content\/uploads\/2023\/12\/loc-corsi-matrimonio.pdf\">loc-corsi-matrimonio<\/a><a href=\"http:\/\/parrocchievallelaghi.it\/wp-content\/uploads\/2023\/12\/loc-corsi-matrimonio.pdf\" class=\"wp-block-file__button wp-element-button\" download aria-describedby=\"wp-block-file--media-8f13bcf1-e689-414e-8982-a08f4ad1cb85\">Download<\/a><\/div>\n<\/div>\n\n\n\n<div class=\"wp-block-column is-vertically-aligned-center is-layout-flow wp-block-column-is-layout-flow\" style=\"flex-basis:33%\">\n<p class=\"has-text-color has-extra-small-font-size\" style=\"color:#000000\">La nostra comunit\u00e0 propone una serie di incontri volti ad aiutare le coppie a preparsi alla celebrazione del sacramento del Matrimonio. Un&#8217;occasione per confrontarsi e per crescere insieme. Per informazioni visiona il volantino e contatta la segreteria della parrocchia. <\/p>\n<\/div>\n<\/div>\n<\/div>\n","protected":false},"excerpt":{"rendered":"<p>Il Sacramento del Matrimonio Il fidanzamento, in altri termini, \u00e8 il tempo nel quale i due sono chiamati a fare un bel lavoro sull\u2019amore, un lavoro partecipe e condiviso, che va in profondit\u00e0. Ci si scopre man mano a vicenda cio\u00e8, l\u2019uomo \u201cimpara\u201d la donna imparando&nbsp;questa&nbsp;donna, la sua fidanzata; e la donna \u201cimpara\u201d l\u2019uomo imparando&nbsp;questo&nbsp;uomo, [&hellip;]<\/p>\n","protected":false},"author":1,"featured_media":0,"parent":0,"menu_order":0,"comment_status":"closed","ping_status":"closed","template":"","meta":{"zakra_page_container_layout":"customizer","zakra_page_sidebar_layout":"customizer","zakra_remove_content_margin":false,"zakra_sidebar":"customizer","zakra_transparent_header":"customizer","zakra_logo":0,"zakra_main_header_style":"default","zakra_menu_item_color":"","zakra_menu_item_hover_color":"","zakra_menu_item_active_color":"","zakra_menu_active_style":"","zakra_page_header":true,"_monsterinsights_skip_tracking":false,"_monsterinsights_sitenote_active":false,"_monsterinsights_sitenote_note":"","_monsterinsights_sitenote_category":0,"footnotes":""},"class_list":["post-106","page","type-page","status-publish","hentry"],"aioseo_notices":[],"_links":{"self":[{"href":"https:\/\/parrocchievallelaghi.it\/index.php\/wp-json\/wp\/v2\/pages\/106","targetHints":{"allow":["GET"]}}],"collection":[{"href":"https:\/\/parrocchievallelaghi.it\/index.php\/wp-json\/wp\/v2\/pages"}],"about":[{"href":"https:\/\/parrocchievallelaghi.it\/index.php\/wp-json\/wp\/v2\/types\/page"}],"author":[{"embeddable":true,"href":"https:\/\/parrocchievallelaghi.it\/index.php\/wp-json\/wp\/v2\/users\/1"}],"replies":[{"embeddable":true,"href":"https:\/\/parrocchievallelaghi.it\/index.php\/wp-json\/wp\/v2\/comments?post=106"}],"version-history":[{"count":5,"href":"https:\/\/parrocchievallelaghi.it\/index.php\/wp-json\/wp\/v2\/pages\/106\/revisions"}],"predecessor-version":[{"id":1493,"href":"https:\/\/parrocchievallelaghi.it\/index.php\/wp-json\/wp\/v2\/pages\/106\/revisions\/1493"}],"wp:attachment":[{"href":"https:\/\/parrocchievallelaghi.it\/index.php\/wp-json\/wp\/v2\/media?parent=106"}],"curies":[{"name":"wp","href":"https:\/\/api.w.org\/{rel}","templated":true}]}}