{"id":177,"date":"2022-08-13T21:52:44","date_gmt":"2022-08-13T19:52:44","guid":{"rendered":"http:\/\/parrocchievallelaghi.it\/?page_id=177"},"modified":"2022-08-14T16:49:36","modified_gmt":"2022-08-14T14:49:36","slug":"confraternita-del-santissimo-sacramento","status":"publish","type":"page","link":"https:\/\/parrocchievallelaghi.it\/index.php\/confraternita-del-santissimo-sacramento\/","title":{"rendered":"Confraternita del Santissimo Sacramento"},"content":{"rendered":"\n<p>Con il nome Confraternita si intende un\u2019Associazione di persone costituita regolarmente, con statuto, e soci e organizzata per l\u2019esercizio di particolari iniziative fra le quali quelle di carattere religioso.<\/p>\n\n\n\n<p>Anche se molte Confraternite sono ormai scomparse, alcune permangono ancora e sono tutt\u2019oggi presenze attive del tessuto sociale.<\/p>\n\n\n\n<p>La <em>Confraternita del Ss. Sacramento<\/em> nata a Vezzano nel 1717 e ancora attiva, si \u00e8 fusa con una gi\u00e0 preesistente dal 1563 per la devozione al Patrono San Valentino. Essa \u00e8 un\u2019Associazione cristiana di fedeli laici che vogliono vivere la propria fede sostenendosi vicendevolmente.<\/p>\n\n\n\n<p>L\u2019impegno dichiarato \u00e8 quello di coltivare la devozione a Ges\u00f9 Eucarestia, in particolare attraverso la pratica dell\u2019Adorazione eucaristica.<\/p>\n\n\n\n<p>Questa caratteristica forma di preghiera tipica della Chiesa cattolica, che \u00e8 stata introdotta nel Medio Evo (Avignone 1226), \u00e8 una pratica divenuta molto importante, particolarmente durante la giornata nella vita dei monasteri.<\/p>\n\n\n\n<p>L\u2019Adorazione eucaristica \u00e8 una forma di preghiera durante la quale il pane consacrato nell&#8217;Eucaristia viene esposto ai fedeli, mediante l&#8217;uso dell&#8217;ostensorio, ed adorato. Tale pratica ebbe un particolare impulso e un\u2019ampia diffusione a partire da un evento miracoloso accaduto a Torino il 6 giugno 1453. Essa si \u00e8 poi sviluppata con varie modalit\u00e0: adorazione perpetua, 40 ore, processione eucaristica del Corpus Domini, ore di adorazione mensili, vespri, \u2026<\/p>\n\n\n\n<p>La nostra Confraternita si prefigge di essere nella comunit\u00e0 un centro di animazione di questa devozione.<\/p>\n\n\n\n<p>L\u2019Eucarestia \u00e8 sorgente e culmine della vita cristiana, \u00e8 un cibo che ci dona forza e sollievo e ci aiuta a crescere nelle virt\u00f9. La comunione sacramentale e spirituale ci rafforza nella fede e nella speranza e ci sprona a compiere opere di carit\u00e0. Essa ci invita ad essere, nel nostro agire quotidiano, testimoni dell\u2019Amore misericordioso che Ges\u00f9 ha verso ognuno di noi.<\/p>\n\n\n\n<p>Gli impegni associativi sono:<\/p>\n\n\n\n<p>&#8211; la presenza alle ore di adorazione mensili e a quelle della settimana Santa;<\/p>\n\n\n\n<p>&#8211; la partecipazione alla processione del Corpus Domini;<\/p>\n\n\n\n<p>&#8211; la promozione della Festa della Confraternita (4\u00b0 domenica di gennaio);<\/p>\n\n\n\n<p>&#8211; la collaborazione alle varie attivit\u00e0 e iniziative promosse dalla Parrocchia;<\/p>\n\n\n\n<p><a><\/a>&#8211; la formazione personale permanente alla preghiera e alla comprensione del Mistero eucaristico, ponendosi in ascolto dei segni dei tempi.<\/p>\n\n\n\n<p>Gli iscritti, di varie comunit\u00e0, collaborano al sostegno dell\u2019Associazione versando una piccola quota annuale.<\/p>\n\n\n\n<p>Quanto raccolto viene utilizzato prevalentemente per la celebrazione di Sante messe (3 in memoria di ogni iscritto defunto). Se qualcuno fosse interessato ad iscriversi alla Confraternita del Ss. Sacramento \u00e8 invitato a rivolgersi alla segreteria parrocchiale.<\/p>\n\n\n\n<p><em>Il direttivo della Confraternita<\/em><\/p>\n","protected":false},"excerpt":{"rendered":"<p>Con il nome Confraternita si intende un\u2019Associazione di persone costituita regolarmente, con statuto, e soci e organizzata per l\u2019esercizio di particolari iniziative fra le quali quelle di carattere religioso. Anche se molte Confraternite sono ormai scomparse, alcune permangono ancora e sono tutt\u2019oggi presenze attive del tessuto sociale. La Confraternita del Ss. Sacramento nata a Vezzano [&hellip;]<\/p>\n","protected":false},"author":1,"featured_media":0,"parent":0,"menu_order":0,"comment_status":"closed","ping_status":"closed","template":"","meta":{"zakra_page_container_layout":"customizer","zakra_page_sidebar_layout":"customizer","zakra_remove_content_margin":false,"zakra_sidebar":"customizer","zakra_transparent_header":"customizer","zakra_logo":0,"zakra_main_header_style":"default","zakra_menu_item_color":"","zakra_menu_item_hover_color":"","zakra_menu_item_active_color":"","zakra_menu_active_style":"","zakra_page_header":true,"_monsterinsights_skip_tracking":false,"_monsterinsights_sitenote_active":false,"_monsterinsights_sitenote_note":"","_monsterinsights_sitenote_category":0,"footnotes":""},"class_list":["post-177","page","type-page","status-publish","hentry"],"aioseo_notices":[],"_links":{"self":[{"href":"https:\/\/parrocchievallelaghi.it\/index.php\/wp-json\/wp\/v2\/pages\/177","targetHints":{"allow":["GET"]}}],"collection":[{"href":"https:\/\/parrocchievallelaghi.it\/index.php\/wp-json\/wp\/v2\/pages"}],"about":[{"href":"https:\/\/parrocchievallelaghi.it\/index.php\/wp-json\/wp\/v2\/types\/page"}],"author":[{"embeddable":true,"href":"https:\/\/parrocchievallelaghi.it\/index.php\/wp-json\/wp\/v2\/users\/1"}],"replies":[{"embeddable":true,"href":"https:\/\/parrocchievallelaghi.it\/index.php\/wp-json\/wp\/v2\/comments?post=177"}],"version-history":[{"count":2,"href":"https:\/\/parrocchievallelaghi.it\/index.php\/wp-json\/wp\/v2\/pages\/177\/revisions"}],"predecessor-version":[{"id":194,"href":"https:\/\/parrocchievallelaghi.it\/index.php\/wp-json\/wp\/v2\/pages\/177\/revisions\/194"}],"wp:attachment":[{"href":"https:\/\/parrocchievallelaghi.it\/index.php\/wp-json\/wp\/v2\/media?parent=177"}],"curies":[{"name":"wp","href":"https:\/\/api.w.org\/{rel}","templated":true}]}}