{"id":1904,"date":"2024-11-25T14:30:40","date_gmt":"2024-11-25T13:30:40","guid":{"rendered":"https:\/\/parrocchievallelaghi.it\/?page_id=1904"},"modified":"2024-11-25T15:01:46","modified_gmt":"2024-11-25T14:01:46","slug":"1-pellegrini-di-speranza-come-i-santi","status":"publish","type":"page","link":"https:\/\/parrocchievallelaghi.it\/index.php\/giubileo-2025-materiali\/1-pellegrini-di-speranza-come-i-santi\/","title":{"rendered":"1. Pellegrini di speranza come i Santi"},"content":{"rendered":"\n<p class=\"has-black-color has-text-color\">I Santi che festeggiamo il 1^ novembre, sono fratelli che hanno saputo davvero alzare gli occhi al<br>Cielo e abbandonarsi a compiere il volere di Dio nella loro vita, anche quando le passioni si<br>ribellano e assalgono, forti della certezza che Dio non abbandona i suoi figli, ma li fortifica e li salva.<br>Frasi per riflettere:<\/p>\n\n\n\n<p class=\"has-text-color\" style=\"color:#065888\"><em>\u201cChi ha creduto prima di noi testimonia che la speranza \u00e8 dono di Dio, \u00e8 base per la vita cristiana, \u00e8<br>tramite di salvezza e forza nel guardare avanti\u201d<br>\u201cI Santi si sono lasciati travolgere e conquistare da Dio, hanno coltivato e fatto fiorire quei piccoli<br>semi battesimali e, in loro, il cammino verso la meta si \u00e8 realizzato con forza.\u201d<br>\u201cS\u00ec, si pu\u00f2 essere santo nella vita di tutti i giorni. Ma questo significa che dobbiamo pregare tutta la<br>giornata? No, significa che tu devi fare il tuo dovere tutta la giornata: pregare, andare al lavoro,<br>custodire i figli. Ma occorre fare tutto con il cuore aperto verso Dio, in modo che il lavoro, anche<br>nella malattia e nella sofferenza, anche nelle difficolt\u00e0, sia aperto a Dio. E cos\u00ec si pu\u00f2 diventare<br>santi.\u201d<br>\u201cNel Battesimo abbiamo ricevuto come sementi nel nostro cuore le tre virt\u00f9 teologali: Fede,<br>Speranza e Amore (Carit\u00e0). Ognuno di noi, nella sua unicit\u00e0, ha un ordine preferito in cui declinare<br>tali virt\u00f9\u201d<\/em><br><\/p>\n\n\n\n<p class=\"has-black-color has-text-color\">Abbiamo deciso di puntare ad approfondire la nostra conoscenza di alcuni Santi pi\u00f9 significativi,<br>perch\u00e9 dobbiamo capire 2 cose:<\/p>\n\n\n\n<ul class=\"wp-block-list\">\n<li>che siamo cittadini del Regno di Dio noi, come anche i Santi e i Beati e i Purganti e siamo<br>strettamente connessi con loro. Preghiamo per loro e chiediamo loro di pregare per noi, in<br>attesa di essere insieme di nuovo.<\/li>\n\n\n\n<li>la Santit\u00e0 non nasce nella straordinariet\u00e0, necessariamente. Anche il nostro vicino di casa o<br>la signora anziana che incontriamo al supermercato, oppure noi stessi, stiamo camminando<br>nella via della santit\u00e0. Dipende da noi, dalle nostre scelte, dalla nostra vita.<br>Ecco i Santi che vi proponiamo per l\u2019approfondimento:<\/li>\n<\/ul>\n\n\n\n<p class=\"has-medium-font-size\"><strong>BEATO CARLO ACUTIS<\/strong><\/p>\n\n\n\n<div data-wp-interactive=\"core\/file\" class=\"wp-block-file\"><object data-wp-bind--hidden=\"!state.hasPdfPreview\" hidden class=\"wp-block-file__embed\" data=\"https:\/\/parrocchievallelaghi.it\/wp-content\/uploads\/2024\/11\/acutis4-1.pdf\" type=\"application\/pdf\" style=\"width:100%;height:600px\" aria-label=\"Incorporamento di acutis4-1.\"><\/object><a id=\"wp-block-file--media-f0238a89-b318-47c0-b849-da7a6796471e\" href=\"https:\/\/parrocchievallelaghi.it\/wp-content\/uploads\/2024\/11\/acutis4-1.pdf\">acutis4-1<\/a><a href=\"https:\/\/parrocchievallelaghi.it\/wp-content\/uploads\/2024\/11\/acutis4-1.pdf\" class=\"wp-block-file__button wp-element-button\" download aria-describedby=\"wp-block-file--media-f0238a89-b318-47c0-b849-da7a6796471e\">Download<\/a><\/div>\n\n\n\n<p class=\"has-medium-font-size\"><strong>SANTA TERESA DI CALCUTTA<\/strong><\/p>\n\n\n\n<div data-wp-interactive=\"core\/file\" class=\"wp-block-file\"><object data-wp-bind--hidden=\"!state.hasPdfPreview\" hidden class=\"wp-block-file__embed\" data=\"https:\/\/parrocchievallelaghi.it\/wp-content\/uploads\/2024\/11\/MADRE-TERESA.pdf\" type=\"application\/pdf\" style=\"width:100%;height:600px\" aria-label=\"Incorporamento di MADRE-TERESA.\"><\/object><a id=\"wp-block-file--media-c4bfbe5f-ed90-463c-ba8b-48621ecc3a05\" href=\"https:\/\/parrocchievallelaghi.it\/wp-content\/uploads\/2024\/11\/MADRE-TERESA.pdf\">MADRE-TERESA<\/a><a href=\"https:\/\/parrocchievallelaghi.it\/wp-content\/uploads\/2024\/11\/MADRE-TERESA.pdf\" class=\"wp-block-file__button wp-element-button\" download aria-describedby=\"wp-block-file--media-c4bfbe5f-ed90-463c-ba8b-48621ecc3a05\">Download<\/a><\/div>\n\n\n\n<p class=\"has-medium-font-size\"><strong>BEATI LUIGI E MARIA BELTRAME QUATTROCCHI<\/strong><\/p>\n\n\n\n<div data-wp-interactive=\"core\/file\" class=\"wp-block-file\"><object data-wp-bind--hidden=\"!state.hasPdfPreview\" hidden class=\"wp-block-file__embed\" data=\"https:\/\/parrocchievallelaghi.it\/wp-content\/uploads\/2024\/11\/Coniugi-Beltrame-2.pdf\" type=\"application\/pdf\" style=\"width:100%;height:600px\" aria-label=\"Incorporamento di Coniugi-Beltrame-2.\"><\/object><a id=\"wp-block-file--media-43a00570-be4c-44cf-a99d-a0c48a39a1bd\" href=\"https:\/\/parrocchievallelaghi.it\/wp-content\/uploads\/2024\/11\/Coniugi-Beltrame-2.pdf\">Coniugi-Beltrame-2<\/a><a href=\"https:\/\/parrocchievallelaghi.it\/wp-content\/uploads\/2024\/11\/Coniugi-Beltrame-2.pdf\" class=\"wp-block-file__button wp-element-button\" download aria-describedby=\"wp-block-file--media-43a00570-be4c-44cf-a99d-a0c48a39a1bd\">Download<\/a><\/div>\n\n\n\n<p class=\"has-medium-font-size\"><strong>CONOSCIAMO I SANTI PATRONI DELLE NOSTRE COMUNITA\u2019?<\/strong><\/p>\n\n\n\n<ul class=\"wp-block-list\">\n<li>Santa Lucia a Pietramurata<\/li>\n\n\n\n<li>Santa Massenza,<\/li>\n\n\n\n<li>Santi Valentino e Vigilio a Vezzano,<\/li>\n\n\n\n<li>San Bartolomeo a Fraveggio,<\/li>\n\n\n\n<li>San Lorenzo a Ciago,<\/li>\n\n\n\n<li>Sant\u2019Antonio abate a Lon,<\/li>\n\n\n\n<li>San Nicol\u00f2 a Ranzo,<\/li>\n\n\n\n<li>Santa Maria Maddalena a Margone,<br>Sant\u2019Andrea a Terlago,<\/li>\n\n\n\n<li>Santi Angeli a Monte Terlago,<\/li>\n\n\n\n<li>San Giacomo a Covelo.<br>(Le comunit\u00e0 che mancano si sono affidate alla protezione della Madonna)<br><\/li>\n<\/ul>\n\n\n\n<p>Per conoscere la storia e la straordinaria normalit\u00e0 di queste figure vi suggeriamo il seguente link: <a href=\"https:\/\/www.santiebeati.it\/\">https:\/\/www.santiebeati.it\/<\/a><br>Se volete partecipare all\u2019estrazione del vostro Santo dell\u2019anno, una figura da approfondire nel corso<br>dell\u2019anno pastorale che ci accompagner\u00e0 e interceder\u00e0 per noi presso il Padre:<br><a href=\"https:\/\/www.suorfaustina.it\/i-santi-patroni\/\">https:\/\/www.suorfaustina.it\/i-santi-patroni\/<\/a><br><\/p>\n\n\n\n<p>AH! DIMENTICAVAMO! Ti ricordi, vero, che il tuo Onomastico cade il giorno del calendario dedicato al Santo che porta il tuo nome? Lo conosci?<br><\/p>\n","protected":false},"excerpt":{"rendered":"<p>I Santi che festeggiamo il 1^ novembre, sono fratelli che hanno saputo davvero alzare gli occhi alCielo e abbandonarsi a compiere il volere di Dio nella loro vita, anche quando le passioni siribellano e assalgono, forti della certezza che Dio non abbandona i suoi figli, ma li fortifica e li salva.Frasi per riflettere: \u201cChi ha [&hellip;]<\/p>\n","protected":false},"author":1,"featured_media":0,"parent":1882,"menu_order":0,"comment_status":"closed","ping_status":"closed","template":"","meta":{"zakra_page_container_layout":"customizer","zakra_page_sidebar_layout":"customizer","zakra_remove_content_margin":false,"zakra_sidebar":"customizer","zakra_transparent_header":"customizer","zakra_logo":0,"zakra_main_header_style":"default","zakra_menu_item_color":null,"zakra_menu_item_hover_color":null,"zakra_menu_item_active_color":"","zakra_menu_active_style":"","zakra_page_header":true,"_monsterinsights_skip_tracking":false,"_monsterinsights_sitenote_active":false,"_monsterinsights_sitenote_note":"","_monsterinsights_sitenote_category":0,"footnotes":""},"class_list":["post-1904","page","type-page","status-publish","hentry"],"aioseo_notices":[],"_links":{"self":[{"href":"https:\/\/parrocchievallelaghi.it\/index.php\/wp-json\/wp\/v2\/pages\/1904","targetHints":{"allow":["GET"]}}],"collection":[{"href":"https:\/\/parrocchievallelaghi.it\/index.php\/wp-json\/wp\/v2\/pages"}],"about":[{"href":"https:\/\/parrocchievallelaghi.it\/index.php\/wp-json\/wp\/v2\/types\/page"}],"author":[{"embeddable":true,"href":"https:\/\/parrocchievallelaghi.it\/index.php\/wp-json\/wp\/v2\/users\/1"}],"replies":[{"embeddable":true,"href":"https:\/\/parrocchievallelaghi.it\/index.php\/wp-json\/wp\/v2\/comments?post=1904"}],"version-history":[{"count":3,"href":"https:\/\/parrocchievallelaghi.it\/index.php\/wp-json\/wp\/v2\/pages\/1904\/revisions"}],"predecessor-version":[{"id":1918,"href":"https:\/\/parrocchievallelaghi.it\/index.php\/wp-json\/wp\/v2\/pages\/1904\/revisions\/1918"}],"up":[{"embeddable":true,"href":"https:\/\/parrocchievallelaghi.it\/index.php\/wp-json\/wp\/v2\/pages\/1882"}],"wp:attachment":[{"href":"https:\/\/parrocchievallelaghi.it\/index.php\/wp-json\/wp\/v2\/media?parent=1904"}],"curies":[{"name":"wp","href":"https:\/\/api.w.org\/{rel}","templated":true}]}}