{"id":1909,"date":"2024-11-25T14:38:58","date_gmt":"2024-11-25T13:38:58","guid":{"rendered":"https:\/\/parrocchievallelaghi.it\/?page_id=1909"},"modified":"2024-11-25T14:38:58","modified_gmt":"2024-11-25T13:38:58","slug":"preghiera-fonte-inesauribile-di-speranza","status":"publish","type":"page","link":"https:\/\/parrocchievallelaghi.it\/index.php\/preghiera-fonte-inesauribile-di-speranza\/","title":{"rendered":"PREGHIERA: FONTE INESAURIBILE DI SPERANZA"},"content":{"rendered":"\n<p>Papa Benedetto XVI ci insegna che il primo luogo essenziale da cui sgorga la speranza \u00e8 la<br>preghiera. Se non siamo ascoltati da nessuno, Dio ci ascolta. Se non possiamo pi\u00f9 parlare con<br>nessuno, Dio dialoga con noi. Se non c\u2019\u00e8 pi\u00f9 nessuno che possa aiutarmi, Dio pu\u00f2 aiutarmi.<br>Alleniamoci alla pratica della preghiera! Per ritrovare speranza nel futuro e nell\u2019umanit\u00e0. Troppo<br>spesso abbiamo dimenticato di pregare (anche ringraziare e lodare \u00e8 pregare! non solo chiedere!)<br>e vediamo dove siamo arrivati!<\/p>\n\n\n\n<p><br><em>Vi proponiamo di seguito la sintesi della riflessione che don Paolo Vigolani ci ha proposto<br>nell\u2019incontro del 28 settembre scorso a Vezzano:<\/em><\/p>\n\n\n\n<p><br>Papa Francesco, nella lettera a mons. Fisichella per il Giubileo 2025, auspica che la preparazione<br>all\u2019Anno Santo sia una grande sinfonia di preghiera, per recuperare il desiderio di stare alla<br>presenza del Signore, ascoltarlo e adorarlo, ringraziarlo e lodarlo.<br>Il Papa usa la metafora musicale per evidenziare come l\u2019armonia si raggiunga attraverso la<br>diversit\u00e0. Ogni strumento suona in maniera diversa, nello stesso modo ognuno ha un suo modo e<br>un suo motivo per pregare. Accordandosi , attraverso il riconoscimento del medesimo scopo, si<br>crea l\u2019armonia, si suona una Sinfonia che giunge al Cielo.<br>Perch\u00e8 ciascuno riesca ad accordare il proprio strumento (ovvero s\u00e9 stesso) \u00e8 necessario che a s\u00e9<br>stesso si riconnetta, prenda contatto con il S\u00e9 pi\u00f9 autentico. Solo il rapporto con il vero S\u00e9 fa<br>scaturire la preghiera, che ha genesi nel proprio stato d\u2019animo, nella propria necessit\u00e0 del<br>momento: nella gioia incontenibile, nella paura che atterrisce, nello stupore del creato, nel<br>ringraziamento. La massima espressione della sinfonia di preghiera \u00e8 la Messa dove ognuno fa la<br>propria parte in base al servizio e al carisma che lo contraddistingue (prete, coro, sacrista, lettore,<br>chierichetto, fedele..). E\u2019 faticoso creare l&#8217;armonia quando qualcuno di questi servizi viene meno!<br>Come sarebbe difficile suonare la Sinfonia n.3 Eroica di Beethoven senza violini o senza le<br>percussioni.<br><strong>Ma come si fa a pregare?<\/strong><br>Quando un bambino nasce ha gi\u00e0 in s\u00e9 il germe della preghiera, che esercita da subito nei<br>confronti della madre, prima attraverso il pianto, poi con la modulazione della voce, infine con le<br>parole. Si impara a pregare come si impara a parlare, assecondando una propria innata<br>propensione.<br><strong>Si pu\u00f2 imparare a pregare bene?<\/strong><br>S\u00ec! Pregare bene (in maniera efficace e gratificante) si pu\u00f2 fare, come il bambino, rivolgendosi a<br>qualcuno con cui si ha una relazione stretta.<br>Se ci approcciamo a chiedere, parlare, lodare, nei confronti di qualcuno di sconosciuto, non<br>sappiamo da che parte incominciare\u2026.<br>Per questo, per pregare bene, \u00e8 necessario allenare la nostra confidenza con Dio. Ges\u00f9 ci \u00e8 di<br>esempio anche in questo. Ges\u00f9 affascina gli Apostoli con il Suo modo di pregare (Signore, insegnaci<br>a pregare).<br><strong>Ma perch\u00e8?<\/strong><br>Perch\u00e9 dal Suo pregare traspare la relazione che Lui ha con il Padre, il Suo immergersi nel dialogo<br>con Lui. Intenso, vero.<br>Anche noi possiamo aspirare a questo: un dialogo intenso con Dio, una preghiera che ci arricchisce<br>e ci eleva.<br><strong>Come?<\/strong><br>Nel silenzio, esercitando l\u2019incontro con noi stessi e i nostri bisogni, \u201cesercitando\u201d la nostra<br>relazione\/confidenza con Ges\u00f9, anche noi riusciamo a pregare bene!<br>Pensiamoci bene,<br>Quando in noi viene meno la speranza? Quando, nelle difficolt\u00e0, ci sentiamo inutili, soli, non<br>accolti, non amati. Allora ci sentiamo disperati. In questo caso un gesto d&#8217;affetto, una carezza,<br>un abbraccio, pu\u00f2 sgretolare la nostra disperazione. Sentirci amati, come esperienza fisica, reale,<br>non solo a parole, ci d\u00e0 scopo e speranza.<br>Per questo, per non farci disperare nella vita piena di prove, Dio vuole darci la concretezza<br>del Suo Amore.<br><strong>Come?<\/strong><\/p>\n\n\n\n<ul class=\"wp-block-list\">\n<li>Innanzitutto incarnandosi. <strong>Ges\u00f9, vero Dio ma anche vero uomo, fa passare il suo Amore<br>attraverso la sua corporeit\u00e0<\/strong>. Quando guarisce, tocca, si fa vicino, prende per mano e in<br>questo modo fa sentire l&#8217;altro preso a cuore.<\/li>\n\n\n\n<li>Ges\u00f9 fa giungere il suo amore a noi attraverso il suo corpo anche sulla croce. Ges\u00f9 <strong>soffre e<br>muore per davvero<\/strong>, per noi vince la morte fisica risorgendo e ci d\u00e0 la certezza di essere<br>diventati, attraverso il suo sacrificio fisico, eterni.<br>Anche oggi l&#8217;incontro con Ges\u00f9 e il suo amore passa per noi attraverso l&#8217;esperienza<br>corporea. <strong>Anche oggi attraverso l&#8217;esperienza corporea possiamo trovare un&#8217;ancora sicura che ci<br>ridona speranza.<\/strong><br><strong>Come?<\/strong><\/li>\n<\/ul>\n\n\n\n<ol class=\"wp-block-list\">\n<li><strong>Nell&#8217;EUCARISTIA.<\/strong><br>Questo \u00e8 il primo e pi\u00f9 autentico modo in cui possiamo toccare e farci toccare dal corpo di Ges\u00f9,<br>ricercando e trovando speranza. Per questo, ridurre l&#8217;accostarsi all&#8217;Eucarestia come mero<br>assolvimento di precetto o abitudine, \u00e8 svilire in s\u00e9 il pi\u00f9 grande dono che ogni giorno il Signore ci<br>d\u00e0: il Suo abbraccio reale, paterno. Scegliere di accostarsi all&#8217;Eucarestia deve nascere dalla nostra<br>ricerca dell&#8217;abbraccio di Ges\u00f9, per ritrovare senso e sentirsi amati. Se andiamo a Messa e poi siamo<br>ancora disperati, la nostra partecipazione \u00e8 stata vuota, disattenta, il nostro intento sbagliato.<br><em>Allora chiediamoci: che ruolo ha l&#8217;Eucarestia nella mia vita? Nel mio essere moglie o marito,<br>genitore o figlio, amico o collega? Rispetto alle difficolt\u00e0, alle fragilit\u00e0, al dolore che vivo?<\/em><br><\/li>\n\n\n\n<li><strong>Nei LEGAMI SIGNIFICATIVI<\/strong>.<br>1Giovanni 4:12 &#8220;Nessuno mai ha visto Dio; se ci amiamo gli uni gli altri, Dio rimane in noi e l&#8217;amore<br>di lui \u00e8 perfetto in noi.&#8221; Dio manifesta il Suo Amore per noi attraverso le persone che ci vogliono<br>bene, quelle che ci fanno stare meglio nei momenti difficili, quelle persone nel cui abbraccio ci<br>sentiamo al sicuro. Esse sono sacramento perch\u00e9 attraverso il loro amore facciamo esperienza<br>dell&#8217;amore di Dio.<br><em>Allora chiediamoci:<br>\u25cf quali legami significativi ho?<br>\u25cf penso mai che sia Dio che mi ama attraverso di loro?<\/em><\/li>\n<\/ol>\n\n\n\n<p>3. <strong>Nei POVERI<\/strong>.<br>Matteo 25,40 &#8220;Rispondendo, il re dir\u00e0 loro: In verit\u00e0 vi dico: ogni volta che avete fatto queste cose<br>a uno solo di questi miei fratelli pi\u00f9 piccoli, l\u2019avete fatto a me.&#8221; Allora incontriamo fisicamente il<br>Signore prendendoci cura dei poveri. Chi sono i poveri? Sono tutti quelli che ho intorno e amandoli<br>non ho nessun vantaggio. Possono esse anche i nostri cari, che nelle loro fragilit\u00e0, nelle difficolt\u00e0,<br>dobbiamo amare senza pretendere nulla in cambio. I poveri a cui dare la nostra carit\u00e0, il nostro<br>amore, non sono quelli che ci scegliamo, ma quelli che la Provvidenza ci fa incontrare. L&#8217;amore che<br>io do ai poveri (piccoli, soli, malati, tristi, affaticati), la cura gratuita con cui mi approccio a loro, per<br>me \u00e8 &#8220;terapeutica&#8221;, mi guarisce dalla mia solitudine, dalla mia disperazione. La speranza aumenta<br>con il dono di s\u00e9. La mia esistenza acquista un buon motivo con il dono agli altri.<br><em>Allora chiediamoci:<br>\u25cf riesco ad amare senza pretendere nulla in cambio?<br>\u25cf ho mai provato una sensazione di arricchimento interiore accudendo una persona bisognosa?<\/em><\/p>\n","protected":false},"excerpt":{"rendered":"<p>Papa Benedetto XVI ci insegna che il primo luogo essenziale da cui sgorga la speranza \u00e8 lapreghiera. Se non siamo ascoltati da nessuno, Dio ci ascolta. Se non possiamo pi\u00f9 parlare connessuno, Dio dialoga con noi. Se non c\u2019\u00e8 pi\u00f9 nessuno che possa aiutarmi, Dio pu\u00f2 aiutarmi.Alleniamoci alla pratica della preghiera! Per ritrovare speranza nel [&hellip;]<\/p>\n","protected":false},"author":1,"featured_media":0,"parent":0,"menu_order":0,"comment_status":"closed","ping_status":"closed","template":"","meta":{"zakra_page_container_layout":"customizer","zakra_page_sidebar_layout":"customizer","zakra_remove_content_margin":false,"zakra_sidebar":"customizer","zakra_transparent_header":"customizer","zakra_logo":0,"zakra_main_header_style":"default","zakra_menu_item_color":null,"zakra_menu_item_hover_color":null,"zakra_menu_item_active_color":"","zakra_menu_active_style":"","zakra_page_header":true,"_monsterinsights_skip_tracking":false,"_monsterinsights_sitenote_active":false,"_monsterinsights_sitenote_note":"","_monsterinsights_sitenote_category":0,"footnotes":""},"class_list":["post-1909","page","type-page","status-publish","hentry"],"aioseo_notices":[],"_links":{"self":[{"href":"https:\/\/parrocchievallelaghi.it\/index.php\/wp-json\/wp\/v2\/pages\/1909","targetHints":{"allow":["GET"]}}],"collection":[{"href":"https:\/\/parrocchievallelaghi.it\/index.php\/wp-json\/wp\/v2\/pages"}],"about":[{"href":"https:\/\/parrocchievallelaghi.it\/index.php\/wp-json\/wp\/v2\/types\/page"}],"author":[{"embeddable":true,"href":"https:\/\/parrocchievallelaghi.it\/index.php\/wp-json\/wp\/v2\/users\/1"}],"replies":[{"embeddable":true,"href":"https:\/\/parrocchievallelaghi.it\/index.php\/wp-json\/wp\/v2\/comments?post=1909"}],"version-history":[{"count":1,"href":"https:\/\/parrocchievallelaghi.it\/index.php\/wp-json\/wp\/v2\/pages\/1909\/revisions"}],"predecessor-version":[{"id":1910,"href":"https:\/\/parrocchievallelaghi.it\/index.php\/wp-json\/wp\/v2\/pages\/1909\/revisions\/1910"}],"wp:attachment":[{"href":"https:\/\/parrocchievallelaghi.it\/index.php\/wp-json\/wp\/v2\/media?parent=1909"}],"curies":[{"name":"wp","href":"https:\/\/api.w.org\/{rel}","templated":true}]}}