{"id":2082,"date":"2025-05-14T09:20:11","date_gmt":"2025-05-14T07:20:11","guid":{"rendered":"https:\/\/parrocchievallelaghi.it\/?page_id=2082"},"modified":"2025-05-14T09:20:11","modified_gmt":"2025-05-14T07:20:11","slug":"3-speranza-come-perseveranza-nella-prova-quaresima","status":"publish","type":"page","link":"https:\/\/parrocchievallelaghi.it\/index.php\/3-speranza-come-perseveranza-nella-prova-quaresima\/","title":{"rendered":"3. Speranza come perseveranza nella prova: Quaresima"},"content":{"rendered":"\n<p>Quaresima \u00e8 ritornare a Dio, nonostante la prova e il peccato certi che Dio ci accoglie. Dio persevera nel perdono e noi?<br>Perch\u00e8 non perseverare nella richiesta, nell\u2019impegno e nella speranza?<br>Per meditare:<br>\u201cQuanta disperazione nei cuori per le difficolt\u00e0 della vita, per l\u2019incomprensione degli altri, per quello che vediamo attorno a noi, per le ingiustizie che si compiono e di cui tante volte siamo vittime! Sperare in Dio non \u00e8 come sperare negli uomini, che non possono neppure sorreggere il nostro desiderio e la no-<br>stra piccola fiducia.<\/p>\n\n\n\n<p>Sperare vuol dire resistere a quello che ogni giorno vediamo di brutto nella vita.<\/p>\n\n\n\n<p>Che cosa vuol dire questo, se non ci fosse dietro Qualcuno che prende il posto della nostra tristezza?<br>Sperare vuol dire guardare al di l\u00e0 di questa breve giornata terrena; vuol dire pensare ad una giornata che viene, perch\u00e9 Dio si \u00e8 impegnato a far camminare il mondo nella giustizia, perch\u00e9 il male non pu\u00f2 trionfare, perch\u00e9 Cristo ha preso l\u2019impegno del bene; e voi sapete che Cristo lo ha difeso in questi secoli nonostante tutte le nostre bestemmie.\u201d (Don Primo Mazzolari)<br><\/p>\n\n\n\n<p>Quaresima \u00e8 tempo di conversione del cuore che si manifesta anche con l\u2019esercizio delle opere di misericordia, segni di speranza per il prossimo:<\/p>\n\n\n\n<ul class=\"wp-block-list\">\n<li>costruire la Pace per il mondo partendo dalla mia vita<\/li>\n\n\n\n<li>curare le relazioni perch\u00e9 generino vita, speranza<\/li>\n\n\n\n<li>andare a trovare gli ammalati, stando loro vicini, includendoli il pi\u00f9 possibile nella nostra vita<\/li>\n\n\n\n<li>alimentare l\u2019entusiasmo nei giovani, spronandoli a sognare e credendo nei<br>loro sogni<\/li>\n\n\n\n<li>accogliere i migranti, difendere i loro diritti di esseri umani e di fratelli<\/li>\n\n\n\n<li>portare luce nella solitudine degli anziani, dedicando loro tempo regolarmente<\/li>\n\n\n\n<li>provvedere alle necessit\u00e0 dei poveri, soprattutto a quella di vicinanza e di<br>inclusione<\/li>\n\n\n\n<li>amiamo e custodiamo il Creato di cui facciamo parte, perch\u00e9 ci \u00e8 stato affidato dal Signore e ce ne chieder\u00e0 conto.<\/li>\n<\/ul>\n\n\n\n<p>Per pregare:<br>Questa esistenza io l\u2019accetto Signore e l\u2019accetto in speranza.<br>Una speranza che tutto comprende e sopporta, una speranza che non so mai se posseggo davvero.<br>Una speranza che nasce nel mio profondo, una speranza totale, che non posso sostituire con ambigue misture di angosce inconfessate e cose possedute.<\/p>\n\n\n\n<p>Questa speranza assoluta io me la ri conosco e voglio averla: di essa devo rispondere come compito pi\u00f9 grande della mia vita.<br>Io so, Signore, che essa non \u00e8 utopia, ma viene da te, nasce da te e abbraccia tutto e tutto comprende come promessa che l\u2019umanit\u00e0 arriver\u00e0 alla pienezza di vita e ogni uomo potr\u00e0 davvero non vergognarsi di essere uomo.<br>Perch\u00e9 tu lo vuoi. (Karl Rahner)<\/p>\n\n\n\n<figure class=\"wp-block-image size-full\"><img loading=\"lazy\" decoding=\"async\" width=\"539\" height=\"774\" src=\"https:\/\/parrocchievallelaghi.it\/wp-content\/uploads\/2025\/05\/WhatsApp-Image-2025-05-14-at-09.19.53.jpeg\" alt=\"\" class=\"wp-image-2083\" srcset=\"https:\/\/parrocchievallelaghi.it\/wp-content\/uploads\/2025\/05\/WhatsApp-Image-2025-05-14-at-09.19.53.jpeg 539w, https:\/\/parrocchievallelaghi.it\/wp-content\/uploads\/2025\/05\/WhatsApp-Image-2025-05-14-at-09.19.53-209x300.jpeg 209w\" sizes=\"auto, (max-width: 539px) 100vw, 539px\" \/><\/figure>\n","protected":false},"excerpt":{"rendered":"<p>Quaresima \u00e8 ritornare a Dio, nonostante la prova e il peccato certi che Dio ci accoglie. Dio persevera nel perdono e noi?Perch\u00e8 non perseverare nella richiesta, nell\u2019impegno e nella speranza?Per meditare:\u201cQuanta disperazione nei cuori per le difficolt\u00e0 della vita, per l\u2019incomprensione degli altri, per quello che vediamo attorno a noi, per le ingiustizie che si [&hellip;]<\/p>\n","protected":false},"author":1,"featured_media":0,"parent":0,"menu_order":0,"comment_status":"closed","ping_status":"closed","template":"","meta":{"zakra_page_container_layout":"customizer","zakra_page_sidebar_layout":"customizer","zakra_remove_content_margin":false,"zakra_sidebar":"customizer","zakra_transparent_header":"customizer","zakra_logo":0,"zakra_main_header_style":"default","zakra_menu_item_color":null,"zakra_menu_item_hover_color":null,"zakra_menu_item_active_color":"","zakra_menu_active_style":"","zakra_page_header":true,"_monsterinsights_skip_tracking":false,"_monsterinsights_sitenote_active":false,"_monsterinsights_sitenote_note":"","_monsterinsights_sitenote_category":0,"footnotes":""},"class_list":["post-2082","page","type-page","status-publish","hentry"],"aioseo_notices":[],"_links":{"self":[{"href":"https:\/\/parrocchievallelaghi.it\/index.php\/wp-json\/wp\/v2\/pages\/2082","targetHints":{"allow":["GET"]}}],"collection":[{"href":"https:\/\/parrocchievallelaghi.it\/index.php\/wp-json\/wp\/v2\/pages"}],"about":[{"href":"https:\/\/parrocchievallelaghi.it\/index.php\/wp-json\/wp\/v2\/types\/page"}],"author":[{"embeddable":true,"href":"https:\/\/parrocchievallelaghi.it\/index.php\/wp-json\/wp\/v2\/users\/1"}],"replies":[{"embeddable":true,"href":"https:\/\/parrocchievallelaghi.it\/index.php\/wp-json\/wp\/v2\/comments?post=2082"}],"version-history":[{"count":1,"href":"https:\/\/parrocchievallelaghi.it\/index.php\/wp-json\/wp\/v2\/pages\/2082\/revisions"}],"predecessor-version":[{"id":2084,"href":"https:\/\/parrocchievallelaghi.it\/index.php\/wp-json\/wp\/v2\/pages\/2082\/revisions\/2084"}],"wp:attachment":[{"href":"https:\/\/parrocchievallelaghi.it\/index.php\/wp-json\/wp\/v2\/media?parent=2082"}],"curies":[{"name":"wp","href":"https:\/\/api.w.org\/{rel}","templated":true}]}}