{"id":2086,"date":"2025-05-14T09:25:35","date_gmt":"2025-05-14T07:25:35","guid":{"rendered":"https:\/\/parrocchievallelaghi.it\/?page_id=2086"},"modified":"2025-05-14T09:25:35","modified_gmt":"2025-05-14T07:25:35","slug":"4-pasqua-annunciamo-al-mondo-la-speranza-nella-certezza-della-vittoria-sulla-morte","status":"publish","type":"page","link":"https:\/\/parrocchievallelaghi.it\/index.php\/4-pasqua-annunciamo-al-mondo-la-speranza-nella-certezza-della-vittoria-sulla-morte\/","title":{"rendered":"4. PASQUA: Annunciamo al mondo la Speranza nella certezza della vittoria sulla morte!"},"content":{"rendered":"\n<p>La Pasqua va annunciata! Il cristiano \u201cpasquale\u201d \u00e8 testimone gioioso di una bella notizia, di un annuncio straordinario:<br>Cristo \u00e8 Risorto!!!! Ma non \u00e8 una cronaca da dire, \u00e8 una vita da vivere. Di fronte al mondo con tutte le sue miserie il cristiano dice: SPERANZA!!<br><\/p>\n\n\n\n<p>dal Vangelo di Matteo (28)<br>1Dopo il sabato, all\u2019alba del primo giorno della settimana, Maria di M\u00e0gdala e l\u2019altra Maria andarono a visitare la tomba. 2Ed ecco, vi fu un gran terremoto. Un angelo del Signore, infatti, sceso dal cielo, si avvicin\u00f2, rotol\u00f2 la pietra e si pose a sedere su di essa. 3Il suo aspetto era come folgore e il suo vestito bianco come neve.<br>4Per lo spavento che ebbero di lui, le guardie furono scosse e rimasero come morte. 5L\u2019angelo disse alle donne: \u201cVoi non abbiate paura! So che cercate Ges\u00f9, il crocifisso. 6Non \u00e8 qui. \u00c8 risorto, infatti,<br>come aveva detto; venite, guardate il luogo dove era stato deposto. 7Presto, andate a dire ai suoi discepoli: \u201c\u00c8 risorto dai morti, ed ecco, vi precede in Galilea; l\u00e0 lo vedrete\u201d. Ecco, io ve l\u2019ho detto\u201d.<br>8Abbandonato in fretta il sepolcro con timore e gioia grande, le donne corsero a dare l\u2019annuncio ai suoi discepoli. 9Ed ecco, Ges\u00f9 venne loro incontro e disse:<br>\u201cSalute a voi!\u201d. Ed esse si avvicinarono, gli abbracciarono i piedi e lo adorarono. 10Allora Ges\u00f9 disse loro: \u201cNon temete; andate ad annunciare ai miei fratelli che vadano in Galilea: l\u00e0 mi vedranno\u201d.<br>11Mentre esse erano in cammino, ecco, alcune guardie giunsero in citt\u00e0 e annunciarono<br>ai capi dei sacerdoti tutto quanto era accaduto. 12Questi allora si riunirono con gli anziani e, dopo essersi consultati, diedero una buona somma di denaro ai soldati, 13dicendo: \u201cDite cos\u00ec: \u201cI suoi discepoli<br>sono venuti di notte e l\u2019hanno rubato, mentre noi dormivamo\u201d. 14E se mai la cosa venisse all\u2019orecchio del governatore, noi lo persuaderemo e vi libereremo da ogni preoccupazione\u201d. 15Quelli presero<br>il denaro e fecero secondo le istruzioni ricevute. Cos\u00ec questo racconto si \u00e8 divulgato fra i Giudei fino ad oggi. 16Gli undici discepoli, intanto, andarono in Galilea, sul monte che Ges\u00f9 aveva loro indicato. 17Quando lo videro, si prostrarono.<br>Essi per\u00f2 dubitarono. 18Ges\u00f9 si avvicin\u00f2 e disse loro: \u201cA me \u00e8 stato dato ogni potere in cielo e sulla terra. 19Andate dunque e fate discepoli tutti i popoli, battezzandoli nel nome del Padre e del Figlio e dello Spirito Santo, 20insegnando loro a osservare tutto ci\u00f2 che vi ho comandato. Ed ecco, io sono con voi tutti i<br>giorni, fino alla fine del mondo\u201d. <\/p>\n\n\n\n<p><\/p>\n\n\n\n<p>Meditiamo con Papa Francesco: dalla Bolla papale \u201cSpes non confundit\u201d, n.18<br>S\u00ec, abbiamo bisogno di \u00ababbondare nella<br>speranza\u00bb (cfr. Rm 15,13)<br>per testimoniare in modo credibile e attraente<br>la fede e l\u2019amore che portiamo nel<br>cuore; perch\u00e9 la fede sia gioiosa, la carit\u00e0<br>entusiasta; perch\u00e9 ognuno sia in grado di<br>donare anche solo un sorriso, un gesto di<br>amicizia, uno sguardo fraterno, un ascolto<br>sincero, un servizio gratuito, sapendo che,<br>nello Spirito di Ges\u00f9, ci\u00f2 pu\u00f2 diventare<br>per chi lo riceve un seme fecondo di speranza.<br>Ma qual \u00e8 il fondamento del nostro<br>sperare? Per comprenderlo \u00e8 bene soffermarci<br>sulle ragioni della nostra speranza<br>(cfr. 1Pt 3,15).<br><\/p>\n\n\n\n<p>dall\u2019omelia di Papa Francesco 10.05.2024<br>\u201cCon i gesti,con le parole, con le scelte di<br>ogni giorno, con la pazienza di seminare<br>un po\u2019 di bellezza e di gentilezza ovunque<br>ci troviamo, vogliamo cantare la speranza,<br>perch\u00e9 la sua melodia faccia vibrare le corde<br>dell\u2019umanit\u00e0 e risvegli nei cuori la gioia,<br>risvegli il coraggio di abbracciare la vita.\u201d<\/p>\n","protected":false},"excerpt":{"rendered":"<p>La Pasqua va annunciata! Il cristiano \u201cpasquale\u201d \u00e8 testimone gioioso di una bella notizia, di un annuncio straordinario:Cristo \u00e8 Risorto!!!! Ma non \u00e8 una cronaca da dire, \u00e8 una vita da vivere. Di fronte al mondo con tutte le sue miserie il cristiano dice: SPERANZA!! dal Vangelo di Matteo (28)1Dopo il sabato, all\u2019alba del primo [&hellip;]<\/p>\n","protected":false},"author":1,"featured_media":0,"parent":0,"menu_order":0,"comment_status":"closed","ping_status":"closed","template":"","meta":{"zakra_page_container_layout":"customizer","zakra_page_sidebar_layout":"customizer","zakra_remove_content_margin":false,"zakra_sidebar":"customizer","zakra_transparent_header":"customizer","zakra_logo":0,"zakra_main_header_style":"default","zakra_menu_item_color":null,"zakra_menu_item_hover_color":null,"zakra_menu_item_active_color":"","zakra_menu_active_style":"","zakra_page_header":true,"_monsterinsights_skip_tracking":false,"_monsterinsights_sitenote_active":false,"_monsterinsights_sitenote_note":"","_monsterinsights_sitenote_category":0,"footnotes":""},"class_list":["post-2086","page","type-page","status-publish","hentry"],"aioseo_notices":[],"_links":{"self":[{"href":"https:\/\/parrocchievallelaghi.it\/index.php\/wp-json\/wp\/v2\/pages\/2086","targetHints":{"allow":["GET"]}}],"collection":[{"href":"https:\/\/parrocchievallelaghi.it\/index.php\/wp-json\/wp\/v2\/pages"}],"about":[{"href":"https:\/\/parrocchievallelaghi.it\/index.php\/wp-json\/wp\/v2\/types\/page"}],"author":[{"embeddable":true,"href":"https:\/\/parrocchievallelaghi.it\/index.php\/wp-json\/wp\/v2\/users\/1"}],"replies":[{"embeddable":true,"href":"https:\/\/parrocchievallelaghi.it\/index.php\/wp-json\/wp\/v2\/comments?post=2086"}],"version-history":[{"count":1,"href":"https:\/\/parrocchievallelaghi.it\/index.php\/wp-json\/wp\/v2\/pages\/2086\/revisions"}],"predecessor-version":[{"id":2087,"href":"https:\/\/parrocchievallelaghi.it\/index.php\/wp-json\/wp\/v2\/pages\/2086\/revisions\/2087"}],"wp:attachment":[{"href":"https:\/\/parrocchievallelaghi.it\/index.php\/wp-json\/wp\/v2\/media?parent=2086"}],"curies":[{"name":"wp","href":"https:\/\/api.w.org\/{rel}","templated":true}]}}