{"id":335,"date":"2022-08-30T16:30:14","date_gmt":"2022-08-30T14:30:14","guid":{"rendered":"http:\/\/parrocchievallelaghi.it\/?page_id=335"},"modified":"2022-10-13T08:36:08","modified_gmt":"2022-10-13T06:36:08","slug":"catechesi","status":"publish","type":"page","link":"https:\/\/parrocchievallelaghi.it\/index.php\/catechesi\/","title":{"rendered":"Catechesi"},"content":{"rendered":"\n<h2 class=\"has-text-align-center wp-block-heading\">Catechesi bambini e ragazzi<\/h2>\n\n\n\n<div class=\"wp-block-group is-layout-flow wp-block-group-is-layout-flow\">\n<p><img loading=\"lazy\" decoding=\"async\" width=\"150\" height=\"142\" class=\"wp-image-408\" style=\"width: 150px;\" src=\"http:\/\/parrocchievallelaghi.it\/wp-content\/uploads\/2022\/09\/catechismo-300x283-1.jpeg\" alt=\"\"><\/p>\n\n\n\n<p>Ci siamo! Siamo pronti! Cari genitori, cari bambini le catechiste e i catechisti sono lieti di annunciarvi che la CATECHESI PARROCCHIALE sta per iniziare. Come? Dove? Quando? Domande a cui ora diamo risposta:<\/p>\n<\/div>\n\n\n\n<ol class=\"wp-block-list\"><li>Come? Le nostre comunit\u00e0 parrocchiali hanno aderito al \u00abProgetto catechistico di Comunit\u00e0\u00bb proposto dalla Diocesi di Trento che prevede due incontri mensili di cui uno insieme ai genitori. Iscrivendo vostro figlio alla Catechesi, quindi, accettate di partecipare anche voi alle attivit\u00e0 proposte dalla comunit\u00e0. Perch\u00e8? Perch\u00e8 noi crediamo che l&#8217;educazione inizi dalla famiglia e senza di voi si potr\u00e0 fare poco. Sogniamo di costruire comunit\u00e0 attive che non siano solo &#8220;dispenser&#8221; di servizi, bens\u00ec casa per tutti. <\/li><li>Dove e quando? A breve pubblicheremo il calendario completo, ma l&#8217;inizio della catechesi sar\u00e0:<ul><li>sabato 15 ottobre ad ore 17.30 a Vezzano (per le zone di Padergnone e Vezzano)<\/li><li>sabato 22 ottobre ad ore 17.30 a Pietramurata <\/li><li>sabato 29 ottobre ad ore 17.30 a Terlago<\/li><\/ul><\/li><li>Per iscriverti puoi contattare le tue catechiste oppure compilare questo <a href=\"https:\/\/forms.gle\/hM53cnYyXJhNAuQdA\" target=\"_blank\" rel=\"noopener\">modulo<\/a>. Come parrocchie chiediamo un contributo di 10\u20ac a famiglia per affrontare le spese legate alla catechesi e all&#8217;iscrizione all&#8217;Associazione Noi. <\/li><\/ol>\n\n\n\n<h2 class=\"has-text-align-center wp-block-heading\">\u00abAlla ricerca del Tesoro Prezioso\u00bb <\/h2>\n\n\n\n<h2 class=\"has-text-align-center wp-block-heading\">percorso per bambini 3-6 anni<\/h2>\n\n\n\n<figure class=\"wp-block-image aligncenter size-large is-resized\"><img loading=\"lazy\" decoding=\"async\" src=\"http:\/\/parrocchievallelaghi.it\/wp-content\/uploads\/2022\/10\/catechesi2022-724x1024.jpg\" alt=\"\" class=\"wp-image-425\" width=\"543\" height=\"768\"\/><\/figure>\n\n\n\n<p>Cari genitori, cari bambini, anche quest&#8217;anno le nostre comunit\u00e0 propongono un cammino per voi alla ricerca del Tesoro Prezioso che \u00e8 Ges\u00f9. Una possibilit\u00e0 per incontrare, conoscere, camminare con quest&#8217;amico veramente speciale. Per conoscere l&#8217;iniziativa ed iscriverti utilizza il modulo <a href=\"https:\/\/forms.gle\/UevtMNjp9wUPfhSY6\" target=\"_blank\" rel=\"noopener\">google appositamente preparato<\/a>  .<\/p>\n\n\n\n<p>Ti aspettiamo! don Paolo, Daniela e Anna, Lorena e Sara<\/p>\n","protected":false},"excerpt":{"rendered":"<p>Catechesi bambini e ragazzi Ci siamo! Siamo pronti! Cari genitori, cari bambini le catechiste e i catechisti sono lieti di annunciarvi che la CATECHESI PARROCCHIALE sta per iniziare. Come? Dove? Quando? Domande a cui ora diamo risposta: Come? Le nostre comunit\u00e0 parrocchiali hanno aderito al \u00abProgetto catechistico di Comunit\u00e0\u00bb proposto dalla Diocesi di Trento che [&hellip;]<\/p>\n","protected":false},"author":1,"featured_media":0,"parent":0,"menu_order":0,"comment_status":"closed","ping_status":"closed","template":"","meta":{"zakra_page_container_layout":"customizer","zakra_page_sidebar_layout":"customizer","zakra_remove_content_margin":false,"zakra_sidebar":"customizer","zakra_transparent_header":"customizer","zakra_logo":0,"zakra_main_header_style":"default","zakra_menu_item_color":"","zakra_menu_item_hover_color":"","zakra_menu_item_active_color":"","zakra_menu_active_style":"","zakra_page_header":true,"_monsterinsights_skip_tracking":false,"_monsterinsights_sitenote_active":false,"_monsterinsights_sitenote_note":"","_monsterinsights_sitenote_category":0,"footnotes":""},"class_list":["post-335","page","type-page","status-publish","hentry"],"aioseo_notices":[],"_links":{"self":[{"href":"https:\/\/parrocchievallelaghi.it\/index.php\/wp-json\/wp\/v2\/pages\/335","targetHints":{"allow":["GET"]}}],"collection":[{"href":"https:\/\/parrocchievallelaghi.it\/index.php\/wp-json\/wp\/v2\/pages"}],"about":[{"href":"https:\/\/parrocchievallelaghi.it\/index.php\/wp-json\/wp\/v2\/types\/page"}],"author":[{"embeddable":true,"href":"https:\/\/parrocchievallelaghi.it\/index.php\/wp-json\/wp\/v2\/users\/1"}],"replies":[{"embeddable":true,"href":"https:\/\/parrocchievallelaghi.it\/index.php\/wp-json\/wp\/v2\/comments?post=335"}],"version-history":[{"count":8,"href":"https:\/\/parrocchievallelaghi.it\/index.php\/wp-json\/wp\/v2\/pages\/335\/revisions"}],"predecessor-version":[{"id":441,"href":"https:\/\/parrocchievallelaghi.it\/index.php\/wp-json\/wp\/v2\/pages\/335\/revisions\/441"}],"wp:attachment":[{"href":"https:\/\/parrocchievallelaghi.it\/index.php\/wp-json\/wp\/v2\/media?parent=335"}],"curies":[{"name":"wp","href":"https:\/\/api.w.org\/{rel}","templated":true}]}}