{"id":42,"date":"2022-08-09T15:06:10","date_gmt":"2022-08-09T13:06:10","guid":{"rendered":"http:\/\/parrocchievallelaghi.it\/?page_id=42"},"modified":"2023-04-23T18:53:46","modified_gmt":"2023-04-23T16:53:46","slug":"gruppo-famiglie","status":"publish","type":"page","link":"https:\/\/parrocchievallelaghi.it\/index.php\/gruppo-famiglie\/","title":{"rendered":"Gruppo famiglie"},"content":{"rendered":"\n<ul class=\"wp-block-list\">\n<li><strong><em>Che cos\u2019\u00e8 un Gruppo-famiglie?<\/em><\/strong>&nbsp;\u00c8 un gruppo di coppie che si incontrano regolarmente, anche con i figli, per riflettere insieme sulla loro vita di famiglia alla luce del Vangelo.<\/li>\n\n\n\n<li><strong><em>Perch\u00e9 ritrovarsi tra famiglie?<\/em><\/strong>&nbsp;\u00c8 una modalit\u00e0 arricchente per ognuno, perch\u00e9 le problematiche sono comuni..ma le soluzioni diverse e fantasiose..e si scopre che la Parola di Dio \u00e8 sorgente di gioia e nutrimento per ogni tappa della nostra vita.<\/li>\n<\/ul>\n\n\n\n<p>Nella nostra Unit\u00e0 pastorale esistono gi\u00e0 due gruppi-famiglie:<\/p>\n\n\n\n<ul class=\"wp-block-list\">\n<li>un gruppo \u201cJunior\u201d, formato da 7 coppie che si sono sposate negli ultimi 2 anni;<\/li>\n\n\n\n<li>un gruppo \u201cSenior\u201d, che si incontra da pi\u00f9 di 25 anni;<\/li>\n<\/ul>\n\n\n\n<figure class=\"wp-block-table\"><table><tbody><tr><td>Facciamo parte del gruppo Senior fin dalla sua fondazione: \u00e8 stato un bel cammino di amicizia tra noi coppie e con Ges\u00f9. Siamo entrati nel gruppo perch\u00e9 sentivamo il bisogno di confrontarci con altri sul Vangelo per viverlo come coppia e come famiglia. Nel corso degli anni il gruppo ha maturato la scelta di mettersi a servizio delle attivit\u00e0 parrocchiali: con semplicit\u00e0 animiamo alcuni momenti liturgici delle nostre comunit\u00e0. Siamo grati a tutti quelli che hanno camminato con noi in questi anni e abbiamo ancora entusiasmo per continuare insieme il percorso di ri-scoperta del Vangelo!\u201d<br>&nbsp;<\/td><\/tr><\/tbody><\/table><\/figure>\n\n\n\n<p>Se volete vivere questa esperienza, contattateci e saremo felici di darvi maggiori informazioni e accogliervi nei nostri gruppi!!<\/p>\n\n\n\n<p>Maggiori info:<\/p>\n\n\n\n<p>don Paolo 0461.864025 \u2013 parrocchie.vallelaghi@gmail.com<\/p>\n\n\n\n<p>Maria e Giuseppe:&nbsp;&nbsp;&nbsp;&nbsp; maria_faes@icloud.com<\/p>\n","protected":false},"excerpt":{"rendered":"<p>Nella nostra Unit\u00e0 pastorale esistono gi\u00e0 due gruppi-famiglie: Facciamo parte del gruppo Senior fin dalla sua fondazione: \u00e8 stato un bel cammino di amicizia tra noi coppie e con Ges\u00f9. Siamo entrati nel gruppo perch\u00e9 sentivamo il bisogno di confrontarci con altri sul Vangelo per viverlo come coppia e come famiglia. Nel corso degli anni [&hellip;]<\/p>\n","protected":false},"author":1,"featured_media":0,"parent":0,"menu_order":0,"comment_status":"closed","ping_status":"closed","template":"","meta":{"zakra_page_container_layout":"customizer","zakra_page_sidebar_layout":"customizer","zakra_remove_content_margin":false,"zakra_sidebar":"customizer","zakra_transparent_header":"customizer","zakra_logo":0,"zakra_main_header_style":"default","zakra_menu_item_color":"","zakra_menu_item_hover_color":"","zakra_menu_item_active_color":"","zakra_menu_active_style":"","zakra_page_header":true,"_monsterinsights_skip_tracking":false,"_monsterinsights_sitenote_active":false,"_monsterinsights_sitenote_note":"","_monsterinsights_sitenote_category":0,"footnotes":""},"class_list":["post-42","page","type-page","status-publish","hentry"],"aioseo_notices":[],"_links":{"self":[{"href":"https:\/\/parrocchievallelaghi.it\/index.php\/wp-json\/wp\/v2\/pages\/42","targetHints":{"allow":["GET"]}}],"collection":[{"href":"https:\/\/parrocchievallelaghi.it\/index.php\/wp-json\/wp\/v2\/pages"}],"about":[{"href":"https:\/\/parrocchievallelaghi.it\/index.php\/wp-json\/wp\/v2\/types\/page"}],"author":[{"embeddable":true,"href":"https:\/\/parrocchievallelaghi.it\/index.php\/wp-json\/wp\/v2\/users\/1"}],"replies":[{"embeddable":true,"href":"https:\/\/parrocchievallelaghi.it\/index.php\/wp-json\/wp\/v2\/comments?post=42"}],"version-history":[{"count":2,"href":"https:\/\/parrocchievallelaghi.it\/index.php\/wp-json\/wp\/v2\/pages\/42\/revisions"}],"predecessor-version":[{"id":947,"href":"https:\/\/parrocchievallelaghi.it\/index.php\/wp-json\/wp\/v2\/pages\/42\/revisions\/947"}],"wp:attachment":[{"href":"https:\/\/parrocchievallelaghi.it\/index.php\/wp-json\/wp\/v2\/media?parent=42"}],"curies":[{"name":"wp","href":"https:\/\/api.w.org\/{rel}","templated":true}]}}