{"id":44,"date":"2022-08-09T15:06:24","date_gmt":"2022-08-09T13:06:24","guid":{"rendered":"http:\/\/parrocchievallelaghi.it\/?page_id=44"},"modified":"2022-09-07T16:22:33","modified_gmt":"2022-09-07T14:22:33","slug":"gruppo-giovani","status":"publish","type":"page","link":"https:\/\/parrocchievallelaghi.it\/index.php\/gruppo-giovani\/","title":{"rendered":"Pastorale Giovanile"},"content":{"rendered":"\n<p>\u00ab Cari giovani, \u00e8 difficile credere in un mondo cos\u00ec? Nel Duemila \u00e8 difficile credere? S\u00ec! E&#8217; difficile. Non \u00e8 il caso di nasconderlo. E&#8217; difficile, ma con l&#8217;aiuto della grazia \u00e8 possibile, come Ges\u00f9 spieg\u00f2 a Pietro: &#8220;N\u00e9 la carne n\u00e9 il sangue te l&#8217;hanno rivelato, ma il Padre mio che sta nei cieli&#8221; [&#8230;]. In realt\u00e0, \u00e8 Ges\u00f9 che cercate quando sognate la felicit\u00e0; \u00e8 Lui che vi aspetta quando niente vi soddisfa di quello che trovate; \u00e8 Lui la bellezza che tanto vi attrae; \u00e8 Lui che vi provoca con quella sete di radicalit\u00e0 che non vi permette di adattarvi al compromesso; \u00e8 Lui che vi spinge a deporre le maschere che rendono falsa la vita; \u00e8 Lui che vi legge nel cuore le decisioni pi\u00f9 vere che altri vorrebbero soffocare. E&#8217; Ges\u00f9 che suscita in voi il desiderio di fare della vostra vita qualcosa di grande, la volont\u00e0 di seguire un ideale, il rifiuto di lasciarvi inghiottire dalla mediocrit\u00e0, il coraggio di impegnarvi con umilt\u00e0 e perseveranza per migliorare voi stessi e la societ\u00e0, rendendola pi\u00f9 umana e fraterna\u00bb (papa Giovanni Paolo II, Veglia GMG 2000).<\/p>\n\n\n\n<figure class=\"wp-block-image size-large\"><img loading=\"lazy\" decoding=\"async\" width=\"1024\" height=\"768\" src=\"http:\/\/parrocchievallelaghi.it\/wp-content\/uploads\/2022\/09\/20220731_173327-1024x768.jpg\" alt=\"\" class=\"wp-image-365\" srcset=\"https:\/\/parrocchievallelaghi.it\/wp-content\/uploads\/2022\/09\/20220731_173327-1024x768.jpg 1024w, https:\/\/parrocchievallelaghi.it\/wp-content\/uploads\/2022\/09\/20220731_173327-300x225.jpg 300w, https:\/\/parrocchievallelaghi.it\/wp-content\/uploads\/2022\/09\/20220731_173327-768x576.jpg 768w, https:\/\/parrocchievallelaghi.it\/wp-content\/uploads\/2022\/09\/20220731_173327-1536x1152.jpg 1536w, https:\/\/parrocchievallelaghi.it\/wp-content\/uploads\/2022\/09\/20220731_173327-2048x1536.jpg 2048w\" sizes=\"auto, (max-width: 1024px) 100vw, 1024px\" \/><figcaption>attivit\u00e0 estiva<\/figcaption><\/figure>\n\n\n\n<p>Le nostre comunit\u00e0 sognano una Chiesa per i giovani e con i giovani. Per questo propone varie attivit\u00e0 in collaborazione con le Associazioni Noi presenti sul territorio. In ogni zona parrocchiale, inoltre, \u00e8 presente un gruppo giovani che, riunendosi una volta al mese, cerca di tenere vivo lo spirito comunitario. <\/p>\n\n\n\n<p>L&#8217;Associazione Noi \u00e8 il nome delle nostre associazioni.\u00a0<strong>Il nome dice la \u201cvocazione\u201d specifica di questa associazione:<\/strong>\u00a0\u00e8 consapevolezza che solo insieme si pu\u00f2 crescere, costruire e sognare un futuro per i nostri oratori e le nostre comunit\u00e0 nello stile del Vangelo. Noi, poich\u00e9\u00a0<strong>siamo una pluralit\u00e0, siamo un soggetto vivente a servizio della vita pastorale<\/strong>\u00a0del territorio in cui viviamo.<\/p>\n\n\n\n<p>Nel nostro territorio vi sono tre Associazioni Noi: Noi Valle dei Laghi con sede a Lasino, Noi Santa Lucia con sede a Pietramurata e Noi Giovani Insieme con sede a Padergnone. <\/p>\n","protected":false},"excerpt":{"rendered":"<p>\u00ab Cari giovani, \u00e8 difficile credere in un mondo cos\u00ec? Nel Duemila \u00e8 difficile credere? S\u00ec! E&#8217; difficile. Non \u00e8 il caso di nasconderlo. E&#8217; difficile, ma con l&#8217;aiuto della grazia \u00e8 possibile, come Ges\u00f9 spieg\u00f2 a Pietro: &#8220;N\u00e9 la carne n\u00e9 il sangue te l&#8217;hanno rivelato, ma il Padre mio che sta nei cieli&#8221; [&hellip;]<\/p>\n","protected":false},"author":1,"featured_media":0,"parent":0,"menu_order":0,"comment_status":"closed","ping_status":"closed","template":"","meta":{"zakra_page_container_layout":"customizer","zakra_page_sidebar_layout":"customizer","zakra_remove_content_margin":false,"zakra_sidebar":"customizer","zakra_transparent_header":"customizer","zakra_logo":0,"zakra_main_header_style":"default","zakra_menu_item_color":"","zakra_menu_item_hover_color":"","zakra_menu_item_active_color":"","zakra_menu_active_style":"","zakra_page_header":true,"_monsterinsights_skip_tracking":false,"_monsterinsights_sitenote_active":false,"_monsterinsights_sitenote_note":"","_monsterinsights_sitenote_category":0,"footnotes":""},"class_list":["post-44","page","type-page","status-publish","hentry"],"aioseo_notices":[],"_links":{"self":[{"href":"https:\/\/parrocchievallelaghi.it\/index.php\/wp-json\/wp\/v2\/pages\/44","targetHints":{"allow":["GET"]}}],"collection":[{"href":"https:\/\/parrocchievallelaghi.it\/index.php\/wp-json\/wp\/v2\/pages"}],"about":[{"href":"https:\/\/parrocchievallelaghi.it\/index.php\/wp-json\/wp\/v2\/types\/page"}],"author":[{"embeddable":true,"href":"https:\/\/parrocchievallelaghi.it\/index.php\/wp-json\/wp\/v2\/users\/1"}],"replies":[{"embeddable":true,"href":"https:\/\/parrocchievallelaghi.it\/index.php\/wp-json\/wp\/v2\/comments?post=44"}],"version-history":[{"count":3,"href":"https:\/\/parrocchievallelaghi.it\/index.php\/wp-json\/wp\/v2\/pages\/44\/revisions"}],"predecessor-version":[{"id":372,"href":"https:\/\/parrocchievallelaghi.it\/index.php\/wp-json\/wp\/v2\/pages\/44\/revisions\/372"}],"wp:attachment":[{"href":"https:\/\/parrocchievallelaghi.it\/index.php\/wp-json\/wp\/v2\/media?parent=44"}],"curies":[{"name":"wp","href":"https:\/\/api.w.org\/{rel}","templated":true}]}}