{"id":46,"date":"2022-08-09T15:06:41","date_gmt":"2022-08-09T13:06:41","guid":{"rendered":"http:\/\/parrocchievallelaghi.it\/?page_id=46"},"modified":"2023-02-22T15:14:47","modified_gmt":"2023-02-22T14:14:47","slug":"cori","status":"publish","type":"page","link":"https:\/\/parrocchievallelaghi.it\/index.php\/cori\/","title":{"rendered":"Cori"},"content":{"rendered":"\n<p><strong>IL SENSO DEL CORO NELLA LITURGIA<\/strong><\/p>\n\n\n\n<figure class=\"wp-block-image size-full is-resized\"><img loading=\"lazy\" decoding=\"async\" src=\"http:\/\/parrocchievallelaghi.it\/wp-content\/uploads\/2022\/08\/2016924111155.jpg\" alt=\"\" class=\"wp-image-249\" width=\"843\" height=\"519\" srcset=\"https:\/\/parrocchievallelaghi.it\/wp-content\/uploads\/2022\/08\/2016924111155.jpg 747w, https:\/\/parrocchievallelaghi.it\/wp-content\/uploads\/2022\/08\/2016924111155-300x185.jpg 300w\" sizes=\"auto, (max-width: 843px) 100vw, 843px\" \/><\/figure>\n\n\n\n<p>(liberamente dal sito di chiesadifiemme.org)<\/p>\n\n\n\n<p>Un coro possiamo definirlo come un \u201cinsieme\u201d di persone che cantano, spesso guidati da un maestro\/a e accompagnati da uno o pi\u00f9 strumenti. Ma il risultato di questo \u201dinsieme\u201d \u00e8 qualcosa che va oltre la semplice somma algebrica della voce dei cantori e degli strumenti per diventare qualcosa di trascendente, qualcosa che ha il potere di avvicinarci alla bellezza suprema, che per noi credenti \u00e8 Dio. Questa alchimia magica, o meglio sacra, avviene soprattutto nei cori liturgici durante una celebrazione.<\/p>\n\n\n\n<p>Il Cardinal Martini nel 2001 scriveva: \u201c<em>Se spesso \u00e8 la fede che conduce a cantare, talora \u00e8 il canto che pu\u00f2 aprire alla fede<\/em>\u201d<\/p>\n\n\n\n<p>Nelle celebrazioni il canto ha un ruolo molto importante e alcune sezioni della liturgia prevedono espressamente il canto quando ci\u00f2 \u00e8 possibile: Kyrie, Gloria, Salmo, Alleluia, Credo, Santo e Agnello di Dio. Queste parti sono vere e proprie acclamazioni\/invocazioni del popolo di Dio e che quindi richiedono che l\u2019assemblea le reciti e, quando possibile, le canti. Qui si inserisce il ruolo del coro che diventa una vera e propria guida dell\u2019assemblea dei fedeli e rende pi\u00f9 bello, pi\u00f9 efficace e quindi pi\u00f9 vero ci\u00f2 che la liturgia celebra in quei momenti.<\/p>\n\n\n\n<p>Diverso \u00e8 il ruolo nelle altre parti che spesso sentiamo cantare durante la celebrazione: l\u2019Ingresso, l\u2019Offertorio, la Comunione eucaristica e il Canto finale. Qui il coro invece non guida, ma accompagna l\u2019assemblea e aiuta a creare la giusta predisposizione d\u2019animo che questi momenti richiedono, come il saluto di ingresso, la predisposizione all\u2019offerta, la meditazione intima nella la comunione eucaristica e infine il saluto di festa nel finale. In questi momenti il canto dell\u2019assemblea \u00e8 meno determinante e il singolo fedele pu\u00f2 anche godere della musica senza l\u2019obbligo di cantare attivamente.<\/p>\n\n\n\n<p>Ma perch\u00e9 si realizzi pienamente il ruolo del coro durante la celebrazione \u00e8 necessario che il coro sappia cantare bene. Tornando al Cardinal Maritini: \u201c<em>cantare con arte, cantare con il cuore e con la mente, cantare con riverenza e dignit\u00e0 e soprattutto fare cantare<\/em>\u201d. C\u2019\u00e8 poco da aggiungere a queste affermazioni che implicano per ogni cantore la passione e il talento per il canto. Ma non sono sufficienti passione e talento, \u00e8 imprescindibile anche la giusta predisposizione d\u2019animo.<\/p>\n\n\n\n<p>Il corista non canta per se stesso, la sua voce e la sua bravura nel canto diventano dono per gli altri cantori e non sopraffazione o gara a chi canta meglio. Se questa alchimia funziona ecco che la musica corale non \u00e8 pi\u00f9 la banale somma di tutte le voci, ma qualcosa che pi\u00f9 assomiglia al coro degli angeli che in eterno canta lode all\u2019Altissimo e dove il merito di ognuno \u00e8 il dono reciproco della sua arte nel canto. Un dono collettivo \u00e8 qualcosa di infinitamente pi\u00f9 apprezzato da Dio rispetto ad una lode bella, sentita ma singola.<\/p>\n\n\n\n<p><strong>SUGGERIMENTI DI CANTI PER LE LITURGIE<\/strong>: <a href=\"https:\/\/diocesitivoliepalestrina.it\/category\/la-domenica\/liturgia-e-canti\/\" title=\"\">https:\/\/diocesitivoliepalestrina.it\/category\/la-domenica\/liturgia-e-canti\/<\/a><\/p>\n\n\n\n<p><strong>REPERTORIO NAZIONALE CEI &#8220;CANTI PER LA LITURGIA&#8221;<\/strong>: <\/p>\n\n\n\n<div data-wp-interactive=\"core\/file\" class=\"wp-block-file\"><object data-wp-bind--hidden=\"!state.hasPdfPreview\" hidden class=\"wp-block-file__embed\" data=\"http:\/\/parrocchievallelaghi.it\/wp-content\/uploads\/2023\/02\/00-Repertorio-nazionale.pdf\" type=\"application\/pdf\" style=\"width:100%;height:600px\" aria-label=\"Incorporamento di 00-Repertorio-nazionale.\"><\/object><a id=\"wp-block-file--media-a1b09422-1779-4faf-9353-62fbd5788a64\" href=\"http:\/\/parrocchievallelaghi.it\/wp-content\/uploads\/2023\/02\/00-Repertorio-nazionale.pdf\">00-Repertorio-nazionale<\/a><a href=\"http:\/\/parrocchievallelaghi.it\/wp-content\/uploads\/2023\/02\/00-Repertorio-nazionale.pdf\" class=\"wp-block-file__button wp-element-button\" download aria-describedby=\"wp-block-file--media-a1b09422-1779-4faf-9353-62fbd5788a64\">Download<\/a><\/div>\n\n\n\n<p><strong>DOCUMENTI DELLA CHIESA SULLA MUSICA:<\/strong> <\/p>\n\n\n\n<ol class=\"wp-block-list\">\n<li>Motu proprio di S.Pio X sulla musica sacra (22 novembre 1903) <a href=\"http:\/\/www.vatican.va\/holy_father\/pius_x\/motu_proprio\/documents\/hf_p-x_motu-proprio_19031122_sollecitudini_it.html\" title=\"\">http:\/\/www.vatican.va\/holy_father\/pius_x\/motu_proprio\/documents\/hf_p-x_motu-proprio_19031122_sollecitudini_it.html<\/a><\/li>\n\n\n\n<li>Istruzione del \u00abConsilium\u00bb e della Sacra Congregazione dei riti (5 marzo 1967) <a href=\"http:\/\/www.vatican.va\/archive\/hist_councils\/ii_vatican_council\/documents\/vat-ii_instr_19670305_musicam-sacram_it.html\" title=\"\">http:\/\/www.vatican.va\/archive\/hist_councils\/ii_vatican_council\/documents\/vat-ii_instr_19670305_musicam-sacram_it.html<\/a><\/li>\n\n\n\n<li>CHIROGRAFO DI SAN GIOVANNI PAOLO II Per il centenario del motu proprio &#8220;Tra le sollecitudini\u201d di S.Pio X (22 novembre 2003) <a href=\"http:\/\/www.vatican.va\/holy_father\/john_paul_ii\/letters\/2003\/documents\/hf_jp-ii_let_20031203_musica-sacra_it.html\" title=\"\">http:\/\/www.vatican.va\/holy_father\/john_paul_ii\/letters\/2003\/documents\/hf_jp-ii_let_20031203_musica-sacra_it.html<\/a><\/li>\n<\/ol>\n\n\n\n<p><strong>I CANTI DI TAIZE&#8217;<\/strong> <a href=\"https:\/\/www.taize.fr\/it_article10321.html\" title=\"\">https:\/\/www.taize.fr\/it_article10321.html<\/a><\/p>\n\n\n\n<p><strong>I CANTI DEL MOVIMENTO RINNOVAMENTO DELLO SPIRITO<\/strong>: <a href=\"https:\/\/g.co\/kgs\/bmp1od\" title=\"\">https:\/\/g.co\/kgs\/bmp1od<\/a><\/p>\n","protected":false},"excerpt":{"rendered":"<p>IL SENSO DEL CORO NELLA LITURGIA (liberamente dal sito di chiesadifiemme.org) Un coro possiamo definirlo come un \u201cinsieme\u201d di persone che cantano, spesso guidati da un maestro\/a e accompagnati da uno o pi\u00f9 strumenti. Ma il risultato di questo \u201dinsieme\u201d \u00e8 qualcosa che va oltre la semplice somma algebrica della voce dei cantori e degli [&hellip;]<\/p>\n","protected":false},"author":1,"featured_media":0,"parent":0,"menu_order":0,"comment_status":"closed","ping_status":"closed","template":"","meta":{"zakra_page_container_layout":"customizer","zakra_page_sidebar_layout":"customizer","zakra_remove_content_margin":false,"zakra_sidebar":"customizer","zakra_transparent_header":"customizer","zakra_logo":0,"zakra_main_header_style":"default","zakra_menu_item_color":"","zakra_menu_item_hover_color":"","zakra_menu_item_active_color":"","zakra_menu_active_style":"","zakra_page_header":true,"_monsterinsights_skip_tracking":false,"_monsterinsights_sitenote_active":false,"_monsterinsights_sitenote_note":"","_monsterinsights_sitenote_category":0,"footnotes":""},"class_list":["post-46","page","type-page","status-publish","hentry"],"aioseo_notices":[],"_links":{"self":[{"href":"https:\/\/parrocchievallelaghi.it\/index.php\/wp-json\/wp\/v2\/pages\/46","targetHints":{"allow":["GET"]}}],"collection":[{"href":"https:\/\/parrocchievallelaghi.it\/index.php\/wp-json\/wp\/v2\/pages"}],"about":[{"href":"https:\/\/parrocchievallelaghi.it\/index.php\/wp-json\/wp\/v2\/types\/page"}],"author":[{"embeddable":true,"href":"https:\/\/parrocchievallelaghi.it\/index.php\/wp-json\/wp\/v2\/users\/1"}],"replies":[{"embeddable":true,"href":"https:\/\/parrocchievallelaghi.it\/index.php\/wp-json\/wp\/v2\/comments?post=46"}],"version-history":[{"count":5,"href":"https:\/\/parrocchievallelaghi.it\/index.php\/wp-json\/wp\/v2\/pages\/46\/revisions"}],"predecessor-version":[{"id":830,"href":"https:\/\/parrocchievallelaghi.it\/index.php\/wp-json\/wp\/v2\/pages\/46\/revisions\/830"}],"wp:attachment":[{"href":"https:\/\/parrocchievallelaghi.it\/index.php\/wp-json\/wp\/v2\/media?parent=46"}],"curies":[{"name":"wp","href":"https:\/\/api.w.org\/{rel}","templated":true}]}}