{"id":488,"date":"2022-11-02T14:34:25","date_gmt":"2022-11-02T13:34:25","guid":{"rendered":"http:\/\/parrocchievallelaghi.it\/?page_id=488"},"modified":"2022-11-02T14:34:26","modified_gmt":"2022-11-02T13:34:26","slug":"pellegrinaggi","status":"publish","type":"page","link":"https:\/\/parrocchievallelaghi.it\/index.php\/pellegrinaggi\/","title":{"rendered":"Pellegrinaggi"},"content":{"rendered":"\n<p>Ci sono luoghi che attirano molte persone. Tanti riconoscono infatti che proprio l\u00ec possono incontrare il Signore e sperimentare la sua misericordia. Sono i luoghi che hanno visto nascere e crescere Ges\u00f9, dove ancora risuona la sua parola, oppure quelli dove Maria ha mostrato la sua maternit\u00e0, donando parole di sostegno e di consolazione ai suoi figli. Questi luoghi ci appartengono, perch\u00e9 l\u00ec ci sentiamo compresi ed accolti e riscopriamo&nbsp; il desiderio di pregare e di stare uniti al Signore. La bellezza della natura e dell\u2019arte completano la suggestione. Sono i luoghi dello Spirito, che vogliamo vivere come Comunit\u00e0 Cristiana in un cammino di vera comunione.<\/p>\n\n\n\n<p>Vieni quindi in pellegrinaggio con noi per scoprire quei luoghi dove si \u00e8 manifestata la presenza di Dio attraverso suo Figlio Ges\u00f9 o Maria sua Madre. Si va in pellegrinaggio per cercare qualcosa o incontrare Qualcuno e durante il cammino condividerai tanti momenti intensi&nbsp;e ricchi di spiritualit\u00e0 con i tuoi compagni di viaggio.<\/p>\n\n\n\n<p class=\"has-large-font-size\"><strong>PROPOSTE VALLELAGHI<\/strong><\/p>\n\n\n\n<p class=\"has-large-font-size\">1. <strong>TERRASANTA <\/strong>&#8211; 16\/23 MAGGIO 2023<\/p>\n\n\n\n<p class=\"has-medium-font-size\"><em>Chi visita questa terra riceve tanti doni. Incominciando dalla bellezza e variet\u00e0 del suo territorio e dei resti di tante civilt\u00e0 antiche. Ma il dono pi\u00f9 grande \u00e8 scoprire il Vangelo nella sua semplicit\u00e0 e profondit\u00e0, rileggendolo l\u00e0 dove si \u00e8 realizzato.<\/em><\/p>\n\n\n\n<div data-wp-interactive=\"core\/file\" class=\"wp-block-file\"><object data-wp-bind--hidden=\"!state.hasPdfPreview\" hidden class=\"wp-block-file__embed\" data=\"http:\/\/parrocchievallelaghi.it\/wp-content\/uploads\/2022\/11\/TERRASANTA-2023-8-GIORNI.pdf\" type=\"application\/pdf\" style=\"width:100%;height:600px\" aria-label=\"Incorporamento di Incorporamento di TERRASANTA-2023-8-GIORNI..\"><\/object><a id=\"wp-block-file--media-34c82d07-a2b6-4634-98bc-0c00c36aaf48\" href=\"http:\/\/parrocchievallelaghi.it\/wp-content\/uploads\/2022\/11\/TERRASANTA-2023-8-GIORNI.pdf\">TERRASANTA-2023-8-GIORNI<\/a><a href=\"http:\/\/parrocchievallelaghi.it\/wp-content\/uploads\/2022\/11\/TERRASANTA-2023-8-GIORNI.pdf\" class=\"wp-block-file__button\" download aria-describedby=\"wp-block-file--media-34c82d07-a2b6-4634-98bc-0c00c36aaf48\">Download<\/a><\/div>\n\n\n\n<p class=\"has-medium-font-size\">Ecco il modulo da compilare e presentare al momento dell&#8217;iscrizione, insieme al primo acconto:<\/p>\n\n\n\n<div data-wp-interactive=\"core\/file\" class=\"wp-block-file\"><object data-wp-bind--hidden=\"!state.hasPdfPreview\" hidden class=\"wp-block-file__embed\" data=\"http:\/\/parrocchievallelaghi.it\/wp-content\/uploads\/2022\/11\/SCHEDA-DI-ISCRIZIONE-DON-PAOLO-2.pdf\" type=\"application\/pdf\" style=\"width:100%;height:600px\" aria-label=\"Incorporamento di Incorporamento di SCHEDA-DI-ISCRIZIONE-DON-PAOLO-2..\"><\/object><a id=\"wp-block-file--media-43ccbbb0-ec37-4d09-8310-58c5871c324f\" href=\"http:\/\/parrocchievallelaghi.it\/wp-content\/uploads\/2022\/11\/SCHEDA-DI-ISCRIZIONE-DON-PAOLO-2.pdf\">SCHEDA-DI-ISCRIZIONE-DON-PAOLO-2<\/a><a href=\"http:\/\/parrocchievallelaghi.it\/wp-content\/uploads\/2022\/11\/SCHEDA-DI-ISCRIZIONE-DON-PAOLO-2.pdf\" class=\"wp-block-file__button\" download aria-describedby=\"wp-block-file--media-43ccbbb0-ec37-4d09-8310-58c5871c324f\">Download<\/a><\/div>\n","protected":false},"excerpt":{"rendered":"<p>Ci sono luoghi che attirano molte persone. Tanti riconoscono infatti che proprio l\u00ec possono incontrare il Signore e sperimentare la sua misericordia. Sono i luoghi che hanno visto nascere e crescere Ges\u00f9, dove ancora risuona la sua parola, oppure quelli dove Maria ha mostrato la sua maternit\u00e0, donando parole di sostegno e di consolazione ai [&hellip;]<\/p>\n","protected":false},"author":1,"featured_media":490,"parent":0,"menu_order":0,"comment_status":"closed","ping_status":"closed","template":"","meta":{"zakra_page_container_layout":"customizer","zakra_page_sidebar_layout":"customizer","zakra_remove_content_margin":false,"zakra_sidebar":"customizer","zakra_transparent_header":"customizer","zakra_logo":0,"zakra_main_header_style":"default","zakra_menu_item_color":"","zakra_menu_item_hover_color":"","zakra_menu_item_active_color":"","zakra_menu_active_style":"","zakra_page_header":true,"_monsterinsights_skip_tracking":false,"_monsterinsights_sitenote_active":false,"_monsterinsights_sitenote_note":"","_monsterinsights_sitenote_category":0,"footnotes":""},"class_list":["post-488","page","type-page","status-publish","has-post-thumbnail","hentry"],"aioseo_notices":[],"_links":{"self":[{"href":"https:\/\/parrocchievallelaghi.it\/index.php\/wp-json\/wp\/v2\/pages\/488","targetHints":{"allow":["GET"]}}],"collection":[{"href":"https:\/\/parrocchievallelaghi.it\/index.php\/wp-json\/wp\/v2\/pages"}],"about":[{"href":"https:\/\/parrocchievallelaghi.it\/index.php\/wp-json\/wp\/v2\/types\/page"}],"author":[{"embeddable":true,"href":"https:\/\/parrocchievallelaghi.it\/index.php\/wp-json\/wp\/v2\/users\/1"}],"replies":[{"embeddable":true,"href":"https:\/\/parrocchievallelaghi.it\/index.php\/wp-json\/wp\/v2\/comments?post=488"}],"version-history":[{"count":6,"href":"https:\/\/parrocchievallelaghi.it\/index.php\/wp-json\/wp\/v2\/pages\/488\/revisions"}],"predecessor-version":[{"id":502,"href":"https:\/\/parrocchievallelaghi.it\/index.php\/wp-json\/wp\/v2\/pages\/488\/revisions\/502"}],"wp:featuredmedia":[{"embeddable":true,"href":"https:\/\/parrocchievallelaghi.it\/index.php\/wp-json\/wp\/v2\/media\/490"}],"wp:attachment":[{"href":"https:\/\/parrocchievallelaghi.it\/index.php\/wp-json\/wp\/v2\/media?parent=488"}],"curies":[{"name":"wp","href":"https:\/\/api.w.org\/{rel}","templated":true}]}}