{"id":58,"date":"2022-08-10T21:52:04","date_gmt":"2022-08-10T19:52:04","guid":{"rendered":"http:\/\/parrocchievallelaghi.it\/?page_id=58"},"modified":"2022-08-12T19:05:39","modified_gmt":"2022-08-12T17:05:39","slug":"contatti","status":"publish","type":"page","link":"https:\/\/parrocchievallelaghi.it\/index.php\/contatti\/","title":{"rendered":"Contatti"},"content":{"rendered":"\n<figure class=\"wp-block-table is-style-stripes\"><table><tbody><tr><td><strong>Nr. di telefono<\/strong><\/td><td>0461.864025<\/td><\/tr><tr><td><strong>Email<\/strong><\/td><td>parrocchie.vallelaghi@gmail.com<\/td><\/tr><tr><td><strong>PEC<\/strong><\/td><td>parrocchie.vallelaghi@pec.it <\/td><\/tr><tr><td><strong>Indirizzo<\/strong><\/td><td>p.zza Mons. Perli, 1<br>fra. Vezzano 38096<br>Vallelaghi<\/td><\/tr><\/tbody><\/table><\/figure>\n\n\n\n<h2 class=\"wp-block-heading\">Segreteria parrocchiale<\/h2>\n\n\n\n<figure class=\"wp-block-table is-style-stripes\"><table><tbody><tr><td><strong>Luned\u00ec<\/strong><\/td><td>Canonica di Vezzano<\/td><td>Chiusa<\/td><\/tr><tr><td><strong>Marted\u00ec<\/strong><\/td><td>Canonica di Vezzano<\/td><td>Ore <strong>9.30<\/strong> &#8211; <strong>11.30<\/strong><\/td><\/tr><tr><td><strong>Mercoled\u00ec<\/strong><\/td><td>Canonica di Vezzano<\/td><td>Ore <strong>9.30<\/strong> &#8211; <strong>11.30<\/strong><\/td><\/tr><tr><td><strong>Gioved\u00ec<\/strong><\/td><td>Canonica di Vezzano<\/td><td>Ore <strong>9.30<\/strong> &#8211; <strong>11.30<\/strong><\/td><\/tr><tr><td><strong>Venerd\u00ec<\/strong><\/td><td>Canonica di Vezzano<\/td><td>Ore <strong>9.30<\/strong> &#8211; <strong>11.30<\/strong><\/td><\/tr><tr><td><strong>Sabato<\/strong><\/td><td>Canonica di Vezzano<\/td><td><strong>Chiusa<\/strong><\/td><\/tr><tr><td><strong>Domenica<\/strong><\/td><td>Canonica di Vezzano<\/td><td><strong>Chiusa<\/strong><\/td><\/tr><\/tbody><\/table><\/figure>\n\n\n\n<p>Rivolgersi alla segreteria parrocchiale per: <\/p>\n\n\n\n<ul class=\"wp-block-list\"><li>richiesta di certificati <\/li><li>appuntamenti con il parroco<\/li><li>approfondimenti riguardo catechesi, celebrazioni dei battesimi e dei matrimoni<\/li><li>richieste particolari<\/li><\/ul>\n","protected":false},"excerpt":{"rendered":"<p>Nr. di telefono 0461.864025 Email parrocchie.vallelaghi@gmail.com PEC parrocchie.vallelaghi@pec.it Indirizzo p.zza Mons. Perli, 1fra. Vezzano 38096Vallelaghi Segreteria parrocchiale Luned\u00ec Canonica di Vezzano Chiusa Marted\u00ec Canonica di Vezzano Ore 9.30 &#8211; 11.30 Mercoled\u00ec Canonica di Vezzano Ore 9.30 &#8211; 11.30 Gioved\u00ec Canonica di Vezzano Ore 9.30 &#8211; 11.30 Venerd\u00ec Canonica di Vezzano Ore 9.30 &#8211; 11.30 Sabato [&hellip;]<\/p>\n","protected":false},"author":1,"featured_media":0,"parent":0,"menu_order":0,"comment_status":"closed","ping_status":"closed","template":"","meta":{"zakra_page_container_layout":"customizer","zakra_page_sidebar_layout":"customizer","zakra_remove_content_margin":false,"zakra_sidebar":"customizer","zakra_transparent_header":"customizer","zakra_logo":0,"zakra_main_header_style":"default","zakra_menu_item_color":"","zakra_menu_item_hover_color":"","zakra_menu_item_active_color":"","zakra_menu_active_style":"","zakra_page_header":true,"_monsterinsights_skip_tracking":false,"_monsterinsights_sitenote_active":false,"_monsterinsights_sitenote_note":"","_monsterinsights_sitenote_category":0,"footnotes":""},"class_list":["post-58","page","type-page","status-publish","hentry"],"aioseo_notices":[],"_links":{"self":[{"href":"https:\/\/parrocchievallelaghi.it\/index.php\/wp-json\/wp\/v2\/pages\/58","targetHints":{"allow":["GET"]}}],"collection":[{"href":"https:\/\/parrocchievallelaghi.it\/index.php\/wp-json\/wp\/v2\/pages"}],"about":[{"href":"https:\/\/parrocchievallelaghi.it\/index.php\/wp-json\/wp\/v2\/types\/page"}],"author":[{"embeddable":true,"href":"https:\/\/parrocchievallelaghi.it\/index.php\/wp-json\/wp\/v2\/users\/1"}],"replies":[{"embeddable":true,"href":"https:\/\/parrocchievallelaghi.it\/index.php\/wp-json\/wp\/v2\/comments?post=58"}],"version-history":[{"count":8,"href":"https:\/\/parrocchievallelaghi.it\/index.php\/wp-json\/wp\/v2\/pages\/58\/revisions"}],"predecessor-version":[{"id":157,"href":"https:\/\/parrocchievallelaghi.it\/index.php\/wp-json\/wp\/v2\/pages\/58\/revisions\/157"}],"wp:attachment":[{"href":"https:\/\/parrocchievallelaghi.it\/index.php\/wp-json\/wp\/v2\/media?parent=58"}],"curies":[{"name":"wp","href":"https:\/\/api.w.org\/{rel}","templated":true}]}}