{"id":67,"date":"2022-08-11T09:59:44","date_gmt":"2022-08-11T07:59:44","guid":{"rendered":"http:\/\/parrocchievallelaghi.it\/?page_id=67"},"modified":"2022-08-11T10:02:29","modified_gmt":"2022-08-11T08:02:29","slug":"home","status":"publish","type":"page","link":"https:\/\/parrocchievallelaghi.it\/index.php\/home\/","title":{"rendered":"Home"},"content":{"rendered":"\n<div class=\"wp-block-columns are-vertically-aligned-center is-layout-flex wp-container-core-columns-is-layout-28f84493 wp-block-columns-is-layout-flex\">\n<div class=\"wp-block-column is-vertically-aligned-center is-layout-flow wp-block-column-is-layout-flow\" style=\"flex-basis:100%\">\n<div class=\"wp-block-group is-layout-flow wp-block-group-is-layout-flow\">\n<div class=\"wp-block-query is-layout-flow wp-block-query-is-layout-flow\"><ul class=\"wp-block-post-template is-layout-flow wp-block-post-template-is-layout-flow\"><li class=\"wp-block-post post-260 post type-post status-publish format-standard has-post-thumbnail hentry category-senza-categoria\">\n<h2 class=\"wp-block-post-title\"><a href=\"https:\/\/parrocchievallelaghi.it\/index.php\/2025\/11\/28\/commento-al-vangelo-di-domenica\/\" target=\"_self\" >MESSAGGIO DEL SANTO PADRE LEONE XIV PER LA QUARESIMA 2026<\/a><\/h2>\n\n<figure class=\"alignwide wp-block-post-featured-image\"><a href=\"https:\/\/parrocchievallelaghi.it\/index.php\/2025\/11\/28\/commento-al-vangelo-di-domenica\/\" target=\"_self\"  ><img loading=\"lazy\" decoding=\"async\" width=\"2560\" height=\"748\" src=\"https:\/\/parrocchievallelaghi.it\/wp-content\/uploads\/2023\/09\/0e0713d51c9454644574f7df17744331_s-scaled.jpeg\" class=\"attachment-post-thumbnail size-post-thumbnail wp-post-image\" alt=\"MESSAGGIO DEL SANTO PADRE LEONE XIV PER LA QUARESIMA 2026\" style=\"object-fit:cover;\" srcset=\"https:\/\/parrocchievallelaghi.it\/wp-content\/uploads\/2023\/09\/0e0713d51c9454644574f7df17744331_s-scaled.jpeg 2560w, https:\/\/parrocchievallelaghi.it\/wp-content\/uploads\/2023\/09\/0e0713d51c9454644574f7df17744331_s-300x88.jpeg 300w, https:\/\/parrocchievallelaghi.it\/wp-content\/uploads\/2023\/09\/0e0713d51c9454644574f7df17744331_s-1024x299.jpeg 1024w, https:\/\/parrocchievallelaghi.it\/wp-content\/uploads\/2023\/09\/0e0713d51c9454644574f7df17744331_s-768x224.jpeg 768w, https:\/\/parrocchievallelaghi.it\/wp-content\/uploads\/2023\/09\/0e0713d51c9454644574f7df17744331_s-1536x449.jpeg 1536w, https:\/\/parrocchievallelaghi.it\/wp-content\/uploads\/2023\/09\/0e0713d51c9454644574f7df17744331_s-2048x599.jpeg 2048w\" sizes=\"auto, (max-width: 2560px) 100vw, 2560px\" \/><\/a><\/figure>\n\n<div class=\"wp-block-post-excerpt\"><p class=\"wp-block-post-excerpt__excerpt\">Ascoltare e digiunare.La Quaresima come tempo di conversione Cari fratelli e sorelle! La Quaresima \u00e8 il tempo in cui la Chiesa, con sollecitudine materna, ci invita a rimettere il mistero di Dio al centro della nostra vita, perch\u00e9 la nostra fede ritrovi slancio e il cuore non si disperda tra le inquietudini e le distrazioni&hellip; <\/p><\/div>\n\n\n<hr class=\"wp-block-separator\"\/>\n\n\n<div class=\"wp-block-post-date\"><time datetime=\"2025-11-28T12:20:15+01:00\">28 Novembre 2025<\/time><\/div>\n<\/li><li class=\"wp-block-post post-312 post type-post status-publish format-standard has-post-thumbnail hentry category-attivita-parrocchiali category-foglietto-settimanale category-senza-categoria tag-attivita-parrocchia tag-foglietto-parrocchiale tag-novita\">\n<h2 class=\"wp-block-post-title\"><a href=\"https:\/\/parrocchievallelaghi.it\/index.php\/2026\/03\/20\/foglietto-settimanale\/\" target=\"_self\" >Foglietto Settimanale con appuntamenti e orari: III di Pasqua<\/a><\/h2>\n\n<figure class=\"alignwide wp-block-post-featured-image\"><a href=\"https:\/\/parrocchievallelaghi.it\/index.php\/2026\/03\/20\/foglietto-settimanale\/\" target=\"_self\"  ><img loading=\"lazy\" decoding=\"async\" width=\"1060\" height=\"234\" src=\"https:\/\/parrocchievallelaghi.it\/wp-content\/uploads\/2024\/10\/Progetto-senza-titolo-3.png\" class=\"attachment-post-thumbnail size-post-thumbnail wp-post-image\" alt=\"Foglietto Settimanale con appuntamenti e orari: III di Pasqua\" style=\"object-fit:cover;\" srcset=\"https:\/\/parrocchievallelaghi.it\/wp-content\/uploads\/2024\/10\/Progetto-senza-titolo-3.png 1060w, https:\/\/parrocchievallelaghi.it\/wp-content\/uploads\/2024\/10\/Progetto-senza-titolo-3-300x66.png 300w, https:\/\/parrocchievallelaghi.it\/wp-content\/uploads\/2024\/10\/Progetto-senza-titolo-3-1024x226.png 1024w, https:\/\/parrocchievallelaghi.it\/wp-content\/uploads\/2024\/10\/Progetto-senza-titolo-3-768x170.png 768w\" sizes=\"auto, (max-width: 1060px) 100vw, 1060px\" \/><\/a><\/figure>\n\n<div class=\"wp-block-post-excerpt\"><p class=\"wp-block-post-excerpt__excerpt\">Per restare aggiornati sulle news \u00e8 possibile seguire il canale Parrocchie Vallelaghi TN su WhatsApp: https:\/\/whatsapp.com\/channel\/0029VaH2yK8Fi8xiAOJO1H2X Iscrivetevi! <\/p><\/div>\n\n\n<hr class=\"wp-block-separator\"\/>\n\n\n<div class=\"wp-block-post-date\"><time datetime=\"2026-03-20T08:49:36+01:00\">20 Marzo 2026<\/time><\/div>\n<\/li><li class=\"wp-block-post post-1717 post type-post status-publish format-standard hentry category-senza-categoria\">\n<h2 class=\"wp-block-post-title\"><a href=\"https:\/\/parrocchievallelaghi.it\/index.php\/2024\/05\/12\/come-crescere-nella-comunita-parrocchiale\/\" target=\"_self\" >Come crescere nella comunit\u00e0 parrocchiale?<\/a><\/h2>\n\n\n\n<div class=\"wp-block-post-excerpt\"><p class=\"wp-block-post-excerpt__excerpt\">Mettiamoci in gioco ascoltando questa interessante catechesi fatta da don Luigi Maria Epicoco, giovane parroco in Abruzzo, filosofo, teologo e scrittore. Si occupa a tempo pieno di formazione e tiene regolarmente conferenze e corsi di esercizi spirituali per religiosi e laici. La domanda che si pone in questa catechesi \u00e8 il nodo cruciale per ciascuna&hellip; <\/p><\/div>\n\n\n<hr class=\"wp-block-separator\"\/>\n\n\n<div class=\"wp-block-post-date\"><time datetime=\"2024-05-12T08:33:31+02:00\">12 Maggio 2024<\/time><\/div>\n<\/li><li class=\"wp-block-post post-1556 post type-post status-publish format-standard hentry category-senza-categoria\">\n<h2 class=\"wp-block-post-title\"><a href=\"https:\/\/parrocchievallelaghi.it\/index.php\/2024\/02\/25\/adorazione-eucaristica-un-divino-gioco-di-sguardi\/\" target=\"_self\" >Adorazione eucaristica, per capirne e approfondirne il valore e il significato<\/a><\/h2>\n\n\n\n<div class=\"wp-block-post-excerpt\"><p class=\"wp-block-post-excerpt__excerpt\">Il 9 e 10 marzo le nostre parrocchie accoglieranno l&#8217;annuale &#8220;maratona&#8221; di Adorazione eucaristica 24 ORE CON IL SIGNORE dove ognuno di noi avr\u00e0 la possibilit\u00e0 di fare compagnia a Ges\u00f9 Eucarestia nell&#8217;arco di un&#8217;intera giornata o in un momento di essa. Comprendiamo il significato di questa preghiera fondamentale per il cristiano, attraverso le parole&hellip; <\/p><\/div>\n\n\n<hr class=\"wp-block-separator\"\/>\n\n\n<div class=\"wp-block-post-date\"><time datetime=\"2024-02-25T19:12:54+01:00\">25 Febbraio 2024<\/time><\/div>\n<\/li><li class=\"wp-block-post post-1549 post type-post status-publish format-standard hentry category-senza-categoria\">\n<h2 class=\"wp-block-post-title\"><a href=\"https:\/\/parrocchievallelaghi.it\/index.php\/2024\/01\/14\/cosa-non-e-fede\/\" target=\"_self\" >Cosa non \u00e8 Fede<\/a><\/h2>\n\n\n\n<div class=\"wp-block-post-excerpt\"><p class=\"wp-block-post-excerpt__excerpt\">Riflessione a cura di don Luigi Maria Epicoco. <\/p><\/div>\n\n\n<hr class=\"wp-block-separator\"\/>\n\n\n<div class=\"wp-block-post-date\"><time datetime=\"2024-01-14T18:36:20+01:00\">14 Gennaio 2024<\/time><\/div>\n<\/li><li class=\"wp-block-post post-1457 post type-post status-publish format-standard hentry category-senza-categoria\">\n<h2 class=\"wp-block-post-title\"><a href=\"https:\/\/parrocchievallelaghi.it\/index.php\/2023\/10\/28\/la-supplica-del-papa-ripudiare-la-follia-della-guerra-semina-morte-e-cancella-il-futuro\/\" target=\"_self\" >La supplica del Papa: ripudiare la follia della guerra, semina morte e cancella il futuro<\/a><\/h2>\n\n\n\n<div class=\"wp-block-post-excerpt\"><p class=\"wp-block-post-excerpt__excerpt\">DAL SITO VATICAN NEWS Salvatore Cernuzio &#8211; Citt\u00e0 del Vaticano \u201cPacem in Terris\u201d. Pace in un mondo \u201cin subbuglio\u201d, dilaniato dalle lacerazioni provocati dalle divisioni e dal veleno dell\u2019odio. Dilaniato dalla \u201cfollia della guerra\u201d che \u201ccancella il futuro\u201d. Ancora una volta Francesco torna ai piedi di Maria, Regina della Pace, e come gi\u00e0 in passato&hellip; <\/p><\/div>\n\n\n<hr class=\"wp-block-separator\"\/>\n\n\n<div class=\"wp-block-post-date\"><time datetime=\"2023-10-28T13:18:52+02:00\">28 Ottobre 2023<\/time><\/div>\n<\/li><\/ul><\/div>\n<\/div>\n<\/div>\n<\/div>\n","protected":false},"excerpt":{"rendered":"","protected":false},"author":1,"featured_media":0,"parent":0,"menu_order":0,"comment_status":"closed","ping_status":"closed","template":"","meta":{"zakra_page_container_layout":"customizer","zakra_page_sidebar_layout":"customizer","zakra_remove_content_margin":false,"zakra_sidebar":"customizer","zakra_transparent_header":"customizer","zakra_logo":0,"zakra_main_header_style":"default","zakra_menu_item_color":"","zakra_menu_item_hover_color":"","zakra_menu_item_active_color":"","zakra_menu_active_style":"","zakra_page_header":true,"_monsterinsights_skip_tracking":false,"_monsterinsights_sitenote_active":false,"_monsterinsights_sitenote_note":"","_monsterinsights_sitenote_category":0,"footnotes":""},"class_list":["post-67","page","type-page","status-publish","hentry"],"aioseo_notices":[],"_links":{"self":[{"href":"https:\/\/parrocchievallelaghi.it\/index.php\/wp-json\/wp\/v2\/pages\/67","targetHints":{"allow":["GET"]}}],"collection":[{"href":"https:\/\/parrocchievallelaghi.it\/index.php\/wp-json\/wp\/v2\/pages"}],"about":[{"href":"https:\/\/parrocchievallelaghi.it\/index.php\/wp-json\/wp\/v2\/types\/page"}],"author":[{"embeddable":true,"href":"https:\/\/parrocchievallelaghi.it\/index.php\/wp-json\/wp\/v2\/users\/1"}],"replies":[{"embeddable":true,"href":"https:\/\/parrocchievallelaghi.it\/index.php\/wp-json\/wp\/v2\/comments?post=67"}],"version-history":[{"count":5,"href":"https:\/\/parrocchievallelaghi.it\/index.php\/wp-json\/wp\/v2\/pages\/67\/revisions"}],"predecessor-version":[{"id":74,"href":"https:\/\/parrocchievallelaghi.it\/index.php\/wp-json\/wp\/v2\/pages\/67\/revisions\/74"}],"wp:attachment":[{"href":"https:\/\/parrocchievallelaghi.it\/index.php\/wp-json\/wp\/v2\/media?parent=67"}],"curies":[{"name":"wp","href":"https:\/\/api.w.org\/{rel}","templated":true}]}}