{"id":82,"date":"2022-08-11T15:59:26","date_gmt":"2022-08-11T13:59:26","guid":{"rendered":"http:\/\/parrocchievallelaghi.it\/?page_id=82"},"modified":"2024-04-25T11:34:43","modified_gmt":"2024-04-25T09:34:43","slug":"parrocchie","status":"publish","type":"page","link":"https:\/\/parrocchievallelaghi.it\/index.php\/parrocchie\/","title":{"rendered":"Le nostre comunit\u00e0"},"content":{"rendered":"\n<p>Nel 2015 l&#8217;allora Arcivescovo mons. Luigi Bressan affidava a don Paolo Devigili la guida delle nostre parrocchie. Nel 2019 l&#8217;attuale Arcivescovo, mons. Lauro Tisi, ampliava l&#8217;impegno pastorale con l&#8217;aggiunta di altre due comunit\u00e0. Da allora il cammino delle nostre comunit\u00e0 \u00e8 cresciuto con l&#8217;obiettivo di rendere sempre pi\u00f9 attuale e vivo il messaggio di Cristo nel territorio della Valle dei Laghi. Da ottobre 2023 la guida delle nostre comunit\u00e0 \u00e8 affidata a don Stefano Maffei.<\/p>\n\n\n\n<p>Le comunit\u00e0 sorelle sono:<\/p>\n\n\n\n<ul class=\"wp-block-list\">\n<li>Parrocchia S. Andrea e S. Angeli in Terlago e Monte Terlago<\/li>\n\n\n\n<li>Parrocchia di San Giacomo Maggiore in Covelo<\/li>\n\n\n\n<li>Comunit\u00e0 Romano Cattolica di Ciago<\/li>\n\n\n\n<li>Comunit\u00e0 Romano Cattolica di Lon<\/li>\n\n\n\n<li>Parrocchia di San Bartolomeo in Fraveggio<\/li>\n\n\n\n<li>Parrocchia di San Nicol\u00f2 in Ranzo (a Ranzo \u00e8 affidata la chiesa di Santa Maria Maddalena di Margone)<\/li>\n\n\n\n<li>Parrocchia dei S. Vigilio e Valentino in Vezzano<\/li>\n\n\n\n<li>Parrocchia Regina della Pace in Padergnone<\/li>\n\n\n\n<li>Parrocchia di Santa Massenza in Santa Massenza<\/li>\n\n\n\n<li>Parrocchia Madonna del Carmine in Sarche<\/li>\n\n\n\n<li>Parrocchia Nativit\u00e0 di Maria in Pergolese<\/li>\n\n\n\n<li>Parrocchia Santa Lucia in Pietramurata<\/li>\n<\/ul>\n\n\n\n<p>Le 14 comunit\u00e0 cristiane, suddivise in 4 comuni, sono accompagnate dal Consiglio Pastorale di Unit\u00e0 composto da un incaricato per parrocchia. <\/p>\n\n\n\n<ul class=\"wp-block-list\">\n<li>Mara Pedri per la comunit\u00e0 di Vezzano<\/li>\n\n\n\n<li>Luca Pedrotti per la comunit\u00e0 di Ranzo<\/li>\n\n\n\n<li>Maria Rosa Mosna per la comunit\u00e0 di Fraveggio<\/li>\n\n\n\n<li>Cristina Facchinat per la comunit\u00e0 di Monte Terlago<\/li>\n\n\n\n<li>Luigi Rodighiero per la comunit\u00e0 di Terlago<\/li>\n\n\n\n<li>Pietro Mare per la comunit\u00e0 di Covelo<\/li>\n\n\n\n<li>Loreta Toccoli per la comunit\u00e0 di Padergnone<\/li>\n\n\n\n<li>Michele Memeo per la comunit\u00e0 di Santa Massenza<\/li>\n\n\n\n<li>Monica Salvetta per la comunit\u00e0 di Sarche<\/li>\n\n\n\n<li>Lara Baceda per la comunit\u00e0 di Pergolese<\/li>\n\n\n\n<li>Manuela Toccoli per la comunit\u00e0 di Pietramurata<\/li>\n<\/ul>\n\n\n\n<p><\/p>\n\n\n\n<p>Ogni comunit\u00e0 cristiana ha eletto al suo interno un comitato parrocchiale che ha il compito di coadiuvare il parroco nella realizzazione di progetti e attivit\u00e0 sul territorio. L&#8217;impegno di tutti \u00e8 fondamentale per la missione evangelica che il Cristo ci ha affidato. <\/p>\n\n\n\n<p>Oltre a questi organi adibiti alla progettazione pastorale, le parrocchie sono sostenute dal lavoro dei Consigli Pastorali degli Affari Economici. I vari membri dei consigli, nominati dal parroco sotto indicazione del Consiglio Pastorale di Unit\u00e0, hanno il compito di aiutare il parroco nella gestione amministrativa (con l&#8217;ottica del buon padre\/madre di famiglia). I Consigli Pastorali degli Affari Economici si incontrano suddivisi nelle seguente aree:<\/p>\n\n\n\n<ul class=\"wp-block-list\">\n<li>Zona Terlago: i membri di Terlago, Monte Terlago e Covelo<\/li>\n\n\n\n<li>Zona Vezzano: i membri di Vezzano, Fraveggio, Ranzo, Padergnone Santa Massenza<\/li>\n\n\n\n<li>Zona Pietramurata: i membri di Pietramurata, Pergolese e Sarche<\/li>\n<\/ul>\n","protected":false},"excerpt":{"rendered":"<p>Nel 2015 l&#8217;allora Arcivescovo mons. Luigi Bressan affidava a don Paolo Devigili la guida delle nostre parrocchie. Nel 2019 l&#8217;attuale Arcivescovo, mons. Lauro Tisi, ampliava l&#8217;impegno pastorale con l&#8217;aggiunta di altre due comunit\u00e0. Da allora il cammino delle nostre comunit\u00e0 \u00e8 cresciuto con l&#8217;obiettivo di rendere sempre pi\u00f9 attuale e vivo il messaggio di Cristo [&hellip;]<\/p>\n","protected":false},"author":1,"featured_media":0,"parent":0,"menu_order":0,"comment_status":"closed","ping_status":"closed","template":"","meta":{"zakra_page_container_layout":"customizer","zakra_page_sidebar_layout":"customizer","zakra_remove_content_margin":false,"zakra_sidebar":"customizer","zakra_transparent_header":"customizer","zakra_logo":0,"zakra_main_header_style":"default","zakra_menu_item_color":null,"zakra_menu_item_hover_color":null,"zakra_menu_item_active_color":"","zakra_menu_active_style":"","zakra_page_header":true,"_monsterinsights_skip_tracking":false,"_monsterinsights_sitenote_active":false,"_monsterinsights_sitenote_note":"","_monsterinsights_sitenote_category":0,"footnotes":""},"class_list":["post-82","page","type-page","status-publish","hentry"],"aioseo_notices":[],"_links":{"self":[{"href":"https:\/\/parrocchievallelaghi.it\/index.php\/wp-json\/wp\/v2\/pages\/82","targetHints":{"allow":["GET"]}}],"collection":[{"href":"https:\/\/parrocchievallelaghi.it\/index.php\/wp-json\/wp\/v2\/pages"}],"about":[{"href":"https:\/\/parrocchievallelaghi.it\/index.php\/wp-json\/wp\/v2\/types\/page"}],"author":[{"embeddable":true,"href":"https:\/\/parrocchievallelaghi.it\/index.php\/wp-json\/wp\/v2\/users\/1"}],"replies":[{"embeddable":true,"href":"https:\/\/parrocchievallelaghi.it\/index.php\/wp-json\/wp\/v2\/comments?post=82"}],"version-history":[{"count":6,"href":"https:\/\/parrocchievallelaghi.it\/index.php\/wp-json\/wp\/v2\/pages\/82\/revisions"}],"predecessor-version":[{"id":1694,"href":"https:\/\/parrocchievallelaghi.it\/index.php\/wp-json\/wp\/v2\/pages\/82\/revisions\/1694"}],"wp:attachment":[{"href":"https:\/\/parrocchievallelaghi.it\/index.php\/wp-json\/wp\/v2\/media?parent=82"}],"curies":[{"name":"wp","href":"https:\/\/api.w.org\/{rel}","templated":true}]}}